{"id":1659,"date":"2023-02-25T21:22:42","date_gmt":"2023-02-25T20:22:42","guid":{"rendered":"https:\/\/www.kalvin.sk\/?page_id=1659"},"modified":"2023-02-25T21:36:17","modified_gmt":"2023-02-25T20:36:17","slug":"rok-2021","status":"publish","type":"page","link":"https:\/\/www.kalvin.sk\/?page_id=1659","title":{"rendered":"Rok 2021"},"content":{"rendered":"<div class=\"bt_bb_wrapper\"><section id=\"bt_bb_section69f55b95bf1d3\"  class=\"bt_bb_section bt_bb_layout_boxed_1200\" ><div class=\"bt_bb_port\"><div class=\"bt_bb_cell\"><div class=\"bt_bb_cell_inner\"><div class=\"bt_bb_row_wrapper\"><div  class=\"bt_bb_row\" ><div  class=\"bt_bb_column col-xl-12 col-xs-12 col-sm-12 col-md-12 col-lg-12 bt_bb_align_left bt_bb_vertical_align_top bt_bb_padding_normal\"  data-width=\"12\" data-bt-override-class=\"{}\"><div class=\"bt_bb_column_content\"><div class=\"bt_bb_column_content_inner\"><div class=\"bt_bb_image bt_bb_shape_square bt_bb_align_inherit bt_bb_hover_style_simple bt_bb_content_display_always bt_bb_content_align_middle bt_bb_content_exists\" data-bt-override-class=\"{&quot;bt_bb_align_&quot;:{&quot;current_class&quot;:&quot;bt_bb_align_inherit&quot;,&quot;xl&quot;:&quot;inherit&quot;}}\"><span><img width=\"640\" height=\"905\" src=\"https:\/\/www.kalvin.sk\/wp-content\/uploads\/2023\/02\/AMOT-2021_SK-2_pages-to-jpg-0001-768x1086.jpg\" class=\"attachment-medium_large size-medium_large\" alt=\"https:\/\/www.kalvin.sk\/wp-content\/uploads\/2023\/02\/AMOT-2021_SK-2_pages-to-jpg-0001-768x1086.jpg\" loading=\"lazy\" data-full_image_src=\"https:\/\/www.kalvin.sk\/wp-content\/uploads\/2023\/02\/AMOT-2021_SK-2_pages-to-jpg-0001.jpg\" title=\"AMOT 2021_SK-2_pages-to-jpg-0001\" srcset=\"https:\/\/www.kalvin.sk\/wp-content\/uploads\/2023\/02\/AMOT-2021_SK-2_pages-to-jpg-0001-768x1086.jpg 768w, https:\/\/www.kalvin.sk\/wp-content\/uploads\/2023\/02\/AMOT-2021_SK-2_pages-to-jpg-0001-212x300.jpg 212w, https:\/\/www.kalvin.sk\/wp-content\/uploads\/2023\/02\/AMOT-2021_SK-2_pages-to-jpg-0001-724x1024.jpg 724w, https:\/\/www.kalvin.sk\/wp-content\/uploads\/2023\/02\/AMOT-2021_SK-2_pages-to-jpg-0001-1086x1536.jpg 1086w, https:\/\/www.kalvin.sk\/wp-content\/uploads\/2023\/02\/AMOT-2021_SK-2_pages-to-jpg-0001.jpg 1241w\" sizes=\"(max-width: 640px) 100vw, 640px\" \/><\/span><div class=\"bt_bb_image_content\"><div class=\"bt_bb_image_content_flex\"><div class=\"bt_bb_image_content_inner\"><div class=\"bt_bb_button bt_bb_icon_position_left bt_bb_style_outline bt_bb_size_small bt_bb_width_inline bt_bb_shape_inherit bt_bb_align_inherit\" data-bt-override-class=\"{&quot;bt_bb_size_&quot;:{&quot;current_class&quot;:&quot;bt_bb_size_small&quot;,&quot;xl&quot;:&quot;small&quot;},&quot;bt_bb_align_&quot;:{&quot;current_class&quot;:&quot;bt_bb_align_inherit&quot;,&quot;xl&quot;:&quot;inherit&quot;}}\"><a href=\"https:\/\/www.kalvin.sk\/wp-content\/uploads\/2023\/02\/AMOT-2021_SK-2.pdf\" target=\"_self\" class=\"bt_bb_link\" title=\"Alian\u010dn\u00fd motlitebn\u00fd t\u00fd\u017ede\u0148\"><span class=\"bt_bb_button_text\">Alian\u010dn\u00fd motlitebn\u00fd t\u00fd\u017ede\u0148<\/span><span  data-ico-fa=\"&#xf0a9;\" class=\"bt_bb_icon_holder\"><\/span><\/a><\/div><\/div><\/div><\/div><\/div><div class=\"bt_bb_image bt_bb_shape_square bt_bb_align_inherit bt_bb_hover_style_simple bt_bb_content_display_always bt_bb_content_align_middle\" data-bt-override-class=\"{&quot;bt_bb_align_&quot;:{&quot;current_class&quot;:&quot;bt_bb_align_inherit&quot;,&quot;xl&quot;:&quot;inherit&quot;}}\"><span><img width=\"640\" height=\"904\" src=\"https:\/\/www.kalvin.sk\/wp-content\/uploads\/2023\/02\/vzdelavanie-v-cirkvi-RKCS-plagat_page-0001-768x1085.jpg\" class=\"attachment-medium_large size-medium_large\" alt=\"https:\/\/www.kalvin.sk\/wp-content\/uploads\/2023\/02\/vzdelavanie-v-cirkvi-RKCS-plagat_page-0001-768x1085.jpg\" loading=\"lazy\" data-full_image_src=\"https:\/\/www.kalvin.sk\/wp-content\/uploads\/2023\/02\/vzdelavanie-v-cirkvi-RKCS-plagat_page-0001.jpg\" title=\"vzdelavanie v cirkvi RKCS plagat_page-0001\" srcset=\"https:\/\/www.kalvin.sk\/wp-content\/uploads\/2023\/02\/vzdelavanie-v-cirkvi-RKCS-plagat_page-0001-768x1085.jpg 768w, https:\/\/www.kalvin.sk\/wp-content\/uploads\/2023\/02\/vzdelavanie-v-cirkvi-RKCS-plagat_page-0001-212x300.jpg 212w, https:\/\/www.kalvin.sk\/wp-content\/uploads\/2023\/02\/vzdelavanie-v-cirkvi-RKCS-plagat_page-0001-725x1024.jpg 725w, https:\/\/www.kalvin.sk\/wp-content\/uploads\/2023\/02\/vzdelavanie-v-cirkvi-RKCS-plagat_page-0001-1087x1536.jpg 1087w, https:\/\/www.kalvin.sk\/wp-content\/uploads\/2023\/02\/vzdelavanie-v-cirkvi-RKCS-plagat_page-0001.jpg 1241w\" sizes=\"(max-width: 640px) 100vw, 640px\" \/><\/span><\/div><\/div><\/div><\/div><\/div><\/div><\/div><\/div><\/div><\/section><\/div>","protected":false},"excerpt":{"rendered":"","protected":false},"author":1,"featured_media":0,"parent":0,"menu_order":0,"comment_status":"closed","ping_status":"closed","template":"","meta":{"_monsterinsights_skip_tracking":false,"_monsterinsights_sitenote_active":false,"_monsterinsights_sitenote_note":"","_monsterinsights_sitenote_category":0},"yoast_head":"<!-- This site is optimized with the Yoast SEO plugin v14.2 - https:\/\/yoast.com\/wordpress\/plugins\/seo\/ -->\n<title>Rok 2021 - Kalvin<\/title>\n<meta name=\"robots\" content=\"index, follow\" \/>\n<meta name=\"googlebot\" content=\"index, follow, max-snippet:-1, max-image-preview:large, max-video-preview:-1\" \/>\n<meta name=\"bingbot\" content=\"index, follow, max-snippet:-1, max-image-preview:large, max-video-preview:-1\" \/>\n<link rel=\"canonical\" href=\"https:\/\/www.kalvin.sk\/?page_id=1659\" \/>\n<meta property=\"og:locale\" content=\"sk_SK\" \/>\n<meta property=\"og:type\" content=\"article\" \/>\n<meta property=\"og:title\" content=\"Rok 2021 - Kalvin\" \/>\n<meta property=\"og:url\" content=\"https:\/\/www.kalvin.sk\/?page_id=1659\" \/>\n<meta property=\"og:site_name\" content=\"Kalvin\" \/>\n<meta property=\"article:modified_time\" content=\"2023-02-25T20:36:17+00:00\" \/>\n<meta name=\"twitter:card\" content=\"summary_large_image\" \/>\n<script type=\"application\/ld+json\" class=\"yoast-schema-graph\">{\"@context\":\"https:\/\/schema.org\",\"@graph\":[{\"@type\":\"WebSite\",\"@id\":\"https:\/\/www.kalvin.sk\/#website\",\"url\":\"https:\/\/www.kalvin.sk\/\",\"name\":\"Kalvin\",\"description\":\"\",\"potentialAction\":[{\"@type\":\"SearchAction\",\"target\":\"https:\/\/www.kalvin.sk\/?s={search_term_string}\",\"query-input\":\"required name=search_term_string\"}],\"inLanguage\":\"sk-SK\"},{\"@type\":\"WebPage\",\"@id\":\"https:\/\/www.kalvin.sk\/?page_id=1659#webpage\",\"url\":\"https:\/\/www.kalvin.sk\/?page_id=1659\",\"name\":\"Rok 2021 - Kalvin\",\"isPartOf\":{\"@id\":\"https:\/\/www.kalvin.sk\/#website\"},\"datePublished\":\"2023-02-25T20:22:42+00:00\",\"dateModified\":\"2023-02-25T20:36:17+00:00\",\"inLanguage\":\"sk-SK\",\"potentialAction\":[{\"@type\":\"ReadAction\",\"target\":[\"https:\/\/www.kalvin.sk\/?page_id=1659\"]}]}]}<\/script>\n<!-- \/ Yoast SEO plugin. -->","_links":{"self":[{"href":"https:\/\/www.kalvin.sk\/index.php?rest_route=\/wp\/v2\/pages\/1659"}],"collection":[{"href":"https:\/\/www.kalvin.sk\/index.php?rest_route=\/wp\/v2\/pages"}],"about":[{"href":"https:\/\/www.kalvin.sk\/index.php?rest_route=\/wp\/v2\/types\/page"}],"author":[{"embeddable":true,"href":"https:\/\/www.kalvin.sk\/index.php?rest_route=\/wp\/v2\/users\/1"}],"replies":[{"embeddable":true,"href":"https:\/\/www.kalvin.sk\/index.php?rest_route=%2Fwp%2Fv2%2Fcomments&post=1659"}],"version-history":[{"count":2,"href":"https:\/\/www.kalvin.sk\/index.php?rest_route=\/wp\/v2\/pages\/1659\/revisions"}],"predecessor-version":[{"id":1664,"href":"https:\/\/www.kalvin.sk\/index.php?rest_route=\/wp\/v2\/pages\/1659\/revisions\/1664"}],"wp:attachment":[{"href":"https:\/\/www.kalvin.sk\/index.php?rest_route=%2Fwp%2Fv2%2Fmedia&parent=1659"}],"curies":[{"name":"wp","href":"https:\/\/api.w.org\/{rel}","templated":true}]}}