{"id":1681,"date":"2023-02-28T21:38:29","date_gmt":"2023-02-28T20:38:29","guid":{"rendered":"https:\/\/www.kalvin.sk\/?page_id=1681"},"modified":"2023-02-28T21:39:04","modified_gmt":"2023-02-28T20:39:04","slug":"svata-vecera-panova","status":"publish","type":"page","link":"https:\/\/www.kalvin.sk\/?page_id=1681","title":{"rendered":"Sv\u00e4t\u00e1 Ve\u010dera P\u00e1nov\u00e1"},"content":{"rendered":"<div class=\"bt_bb_wrapper\"><section id=\"bt_bb_section69f32a93a43e0\"  class=\"bt_bb_section bt_bb_layout_boxed_1200\" ><div class=\"bt_bb_port\"><div class=\"bt_bb_cell\"><div class=\"bt_bb_cell_inner\"><div class=\"bt_bb_row_wrapper\"><div  class=\"bt_bb_row\" ><div  class=\"bt_bb_column col-xl-12 col-xs-12 col-sm-12 col-md-12 col-lg-12 bt_bb_align_left bt_bb_vertical_align_top bt_bb_padding_normal\"  data-width=\"12\" data-bt-override-class=\"{}\"><div class=\"bt_bb_column_content\"><div class=\"bt_bb_column_content_inner\"><div  class=\"bt_bb_text\" ><p><strong><span style=\"color: #000000;\">Postup:<\/span><\/strong><\/p>\n<p><strong><span style=\"color: #000000;\">&#8211; vysluhuje sa najmenej \u0161es\u0165 kr\u00e1t v\u00a0roku<\/span><\/strong><br \/>\n<strong><span style=\"color: #000000;\">&#8211; vysluhuje sa v zhroma\u017eden\u00ed cirkevn\u00e9ho zboru <\/span><\/strong><br \/>\n<strong><span style=\"color: #000000;\">&#8211; na po\u017eiadanie osobne v\u00a0nevyhnutn\u00fdch pr\u00edpadoch<\/span><\/strong><\/p>\n<\/div><\/div><\/div><\/div><\/div><\/div><\/div><\/div><\/div><\/section><\/div>","protected":false},"excerpt":{"rendered":"","protected":false},"author":1,"featured_media":0,"parent":0,"menu_order":0,"comment_status":"closed","ping_status":"closed","template":"","meta":{"_monsterinsights_skip_tracking":false,"_monsterinsights_sitenote_active":false,"_monsterinsights_sitenote_note":"","_monsterinsights_sitenote_category":0},"yoast_head":"<!-- This site is optimized with the Yoast SEO plugin v14.2 - https:\/\/yoast.com\/wordpress\/plugins\/seo\/ -->\n<title>Sv\u00e4t\u00e1 Ve\u010dera P\u00e1nov\u00e1 - Kalvin<\/title>\n<meta name=\"robots\" content=\"index, follow\" \/>\n<meta name=\"googlebot\" content=\"index, follow, max-snippet:-1, max-image-preview:large, max-video-preview:-1\" \/>\n<meta name=\"bingbot\" content=\"index, follow, max-snippet:-1, max-image-preview:large, max-video-preview:-1\" \/>\n<link rel=\"canonical\" href=\"https:\/\/www.kalvin.sk\/?page_id=1681\" \/>\n<meta property=\"og:locale\" content=\"sk_SK\" \/>\n<meta property=\"og:type\" content=\"article\" \/>\n<meta property=\"og:title\" content=\"Sv\u00e4t\u00e1 Ve\u010dera P\u00e1nov\u00e1 - Kalvin\" \/>\n<meta property=\"og:url\" content=\"https:\/\/www.kalvin.sk\/?page_id=1681\" \/>\n<meta property=\"og:site_name\" content=\"Kalvin\" \/>\n<meta property=\"article:modified_time\" content=\"2023-02-28T20:39:04+00:00\" \/>\n<meta name=\"twitter:card\" content=\"summary_large_image\" \/>\n<script type=\"application\/ld+json\" class=\"yoast-schema-graph\">{\"@context\":\"https:\/\/schema.org\",\"@graph\":[{\"@type\":\"WebSite\",\"@id\":\"https:\/\/www.kalvin.sk\/#website\",\"url\":\"https:\/\/www.kalvin.sk\/\",\"name\":\"Kalvin\",\"description\":\"\",\"potentialAction\":[{\"@type\":\"SearchAction\",\"target\":\"https:\/\/www.kalvin.sk\/?s={search_term_string}\",\"query-input\":\"required name=search_term_string\"}],\"inLanguage\":\"sk-SK\"},{\"@type\":\"WebPage\",\"@id\":\"https:\/\/www.kalvin.sk\/?page_id=1681#webpage\",\"url\":\"https:\/\/www.kalvin.sk\/?page_id=1681\",\"name\":\"Sv\\u00e4t\\u00e1 Ve\\u010dera P\\u00e1nov\\u00e1 - Kalvin\",\"isPartOf\":{\"@id\":\"https:\/\/www.kalvin.sk\/#website\"},\"datePublished\":\"2023-02-28T20:38:29+00:00\",\"dateModified\":\"2023-02-28T20:39:04+00:00\",\"inLanguage\":\"sk-SK\",\"potentialAction\":[{\"@type\":\"ReadAction\",\"target\":[\"https:\/\/www.kalvin.sk\/?page_id=1681\"]}]}]}<\/script>\n<!-- \/ Yoast SEO plugin. -->","_links":{"self":[{"href":"https:\/\/www.kalvin.sk\/index.php?rest_route=\/wp\/v2\/pages\/1681"}],"collection":[{"href":"https:\/\/www.kalvin.sk\/index.php?rest_route=\/wp\/v2\/pages"}],"about":[{"href":"https:\/\/www.kalvin.sk\/index.php?rest_route=\/wp\/v2\/types\/page"}],"author":[{"embeddable":true,"href":"https:\/\/www.kalvin.sk\/index.php?rest_route=\/wp\/v2\/users\/1"}],"replies":[{"embeddable":true,"href":"https:\/\/www.kalvin.sk\/index.php?rest_route=%2Fwp%2Fv2%2Fcomments&post=1681"}],"version-history":[{"count":1,"href":"https:\/\/www.kalvin.sk\/index.php?rest_route=\/wp\/v2\/pages\/1681\/revisions"}],"predecessor-version":[{"id":1682,"href":"https:\/\/www.kalvin.sk\/index.php?rest_route=\/wp\/v2\/pages\/1681\/revisions\/1682"}],"wp:attachment":[{"href":"https:\/\/www.kalvin.sk\/index.php?rest_route=%2Fwp%2Fv2%2Fmedia&parent=1681"}],"curies":[{"name":"wp","href":"https:\/\/api.w.org\/{rel}","templated":true}]}}