{"id":2102,"date":"2024-12-22T14:40:40","date_gmt":"2024-12-22T13:40:40","guid":{"rendered":"https:\/\/www.kalvin.sk\/?page_id=2102"},"modified":"2025-01-16T11:31:45","modified_gmt":"2025-01-16T10:31:45","slug":"kostol-2","status":"publish","type":"page","link":"https:\/\/www.kalvin.sk\/?page_id=2102","title":{"rendered":"Kostol"},"content":{"rendered":"<div class=\"bt_bb_wrapper\"><section id=\"bt_bb_section69f3909399135\"  class=\"bt_bb_section bt_bb_layout_boxed_1200\" ><div class=\"bt_bb_port\"><div class=\"bt_bb_cell\"><div class=\"bt_bb_cell_inner\"><div class=\"bt_bb_row_wrapper\"><div  class=\"bt_bb_row\" ><div  class=\"bt_bb_column col-xl-12 col-xs-12 col-sm-12 col-md-12 col-lg-12 bt_bb_align_left bt_bb_vertical_align_top bt_bb_padding_normal\"  data-width=\"12\" data-bt-override-class=\"{}\"><div class=\"bt_bb_column_content\"><div class=\"bt_bb_column_content_inner\"><div class=\"bt_bb_masonry_image_grid bt_bb_grid_container bt_bb_columns_1 bt_bb_gap_no_gap\" data-columns=\"1\"><div class=\"bt_bb_masonry_post_image_content\" data-columns=\"1\"><div class=\"bt_bb_grid_sizer\"><\/div><div class=\"bt_bb_grid_item bt_bb_tile_format11\" data-hw=\"0.7078125\" data-src=\"https:\/\/www.kalvin.sk\/wp-content\/uploads\/2024\/12\/ARCHITEKTONICKA-STUDIA-1024x724.jpg\" data-src-full=\"https:\/\/www.kalvin.sk\/wp-content\/uploads\/2024\/12\/ARCHITEKTONICKA-STUDIA.jpg\" data-title=\"ARCHITEKTONICKA \u0160TUDIA\"><div class=\"bt_bb_grid_item_inner\" data-hw=\"0.7078125\" ><div class=\"bt_bb_grid_item_inner_image\"><\/div><div class=\"bt_bb_grid_item_inner_content\"><\/div><\/div><\/div><\/div><\/div><div  class=\"bt_bb_text\" ><p><span style=\"font-weight: 400; color: #000000;\">Inici\u00e1torom my\u0161lienky nov\u00e9ho kostola bolo vtedaj\u0161ie predsedn\u00edctvo reformovan\u00e9ho zboru \u00a0 br. far\u00e1r Michal Hroman\u00edk , ktor\u00fd p\u00f4sobil v\u00a0Michalovciach ako zvolen\u00fd duchovn\u00fd matkocirkevn\u00e9ho zboru Humenn\u00e9 s\u00a0dc\u00e9rocirkevn\u00fdmi zbormi Michalovce a\u00a0Vranov od r.1986 a\u00a0br. kur\u00e1tor michalovsk\u00e9ho zboru J\u00e1n Vinc. Na z\u00e1klade n\u00e1vrhu\u00a0 prezbyt\u00e9rstva\u00a0 bola Valn\u00fdm zhroma\u017eden\u00edm zboru schv\u00e1len\u00e1 v\u00fdstavba\u00a0 Reformovan\u00e9ho kostola s\u00a0pri\u013eahl\u00fdmi budovami pod\u013ea \u0160t\u00fadie vypracovanej Ing.arch. Pelleyom a\u00a0Ing.arch. Ma\u0148uchom pod gesciou Ing.Valent\u00edna Nistora, v\u00a0rozpo\u010dtovom n\u00e1klade 533\u00a0200.- Eur. K\u00a0tomuto \u00fa\u010delu bola zborom zak\u00fapen\u00e1 od mesta Michalovce parcela\u00a0 o\u00a0v\u00fdmere 2\u00a0581m2 v\u00a0cene 2\u00a0670.-Eur. V\u00fdstavba cel\u00e9ho komplexu kostola bola realizovan\u00e1 v\u00a0rokoch 1991 a\u017e 2009. Kostol \/ hlavn\u00e1 chr\u00e1mov\u00e1 lo\u010f a\u00a0ve\u017ea \/ bol dan\u00fd do u\u017e\u00edvania s v\u00a0roku 1996,\u00a0preinvestovan\u00e9 n\u00e1klady predstavovali 262\u00a0900.-Eur. V obdob\u00ed rokov 1997 a\u017e 2007 bola realizovan\u00e1 v\u00a0sume 161\u00a0000,-Eur v\u00fdstavba budovy zborovej siene &#8211; mal\u00e1 chr\u00e1mov\u00e1 lo\u010f,\u00a0budova fary a\u00a0prestre\u0161enie vstupn\u00e9ho schodi\u0161\u0165a kostola. V\u00a0roku 2009 bola uskuto\u010dnen\u00e1 \u010diastkov\u00e1 oprava krytiny strechy a ukon\u010den\u00e9 ter\u00e9nne \u00fapravy, pr\u00edstupov\u00e1 cesta, kanaliz\u00e1cia da\u017e\u010fovej vody a\u00a0chodn\u00edk v\u00a0n\u00e1klade 12\u00a0600.-Eur a\u00a0cel\u00e1 stavba bola kompletne skolaudovan\u00e1.<\/span><\/p>\n<p><span style=\"color: #000000;\"><span style=\"font-weight: 400;\">V\u00a0\u010fal\u0161\u00edch rokoch prebiehali nutn\u00e9 opravy a rekon\u0161truk\u010dn\u00e9 pr\u00e1ce. V\u00a0roku 2012 boli ukon\u010den\u00e9 interi\u00e9rov\u00e9 \u00fapravy poschodia budovy Zborovej siene a v\u00a0t\u00fdchto priestoroch za\u010dalo fungova\u0165 Kalv\u00ednske ml\u00e1de\u017en\u00edcke centrum. Oprava fas\u00e1dy hlavnej chr\u00e1movej lode a\u00a0ve\u017ee v\u010d\u00edtane v\u00fdroby a\u00a0mont\u00e1\u017ee nov\u00fdch oce\u013eov\u00fdch \u017eal\u00fazii do ve\u017ee bola uskuto\u010dnen\u00e1\u00a0 v\u00a0rokoch 2014 a\u017e 2016. V\u00a0roku 2014 sme objednali odliatie ve\u013ek\u00e9ho zvona v\u00a0t\u00f3ne A \u00a0o\u00a0hmotnosti 490 kg\u00a0 a\u00a0v\u00a0roku 2016 odliatie mal\u00e9ho\u00a0 zvonu v\u00a0t\u00f3ne E o\u00a0hmotnosti 160 kg\u00a0 Obidva zvony boli odliate zo zvon\u00e1rskeho bronzu Cu-Sn 22 tradi\u010dnou technol\u00f3giou do hlinenej formy, v\u00a0kon\u0161truk\u010dn\u00fdch parametroch stredn\u00e9ho rebra. V\u00fdroba zvonovej stolice bola realizovan\u00e1 v\u00a0lete 2016. Mont\u00e1\u017e zvonovej stolice , zvonov a ich pr\u00edslu\u0161enstva\u00a0 do ve\u017ee kostola sa uskuto\u010dnila 3. a\u017e\u00a0 5. septembra 2016. Dreven\u00e1 zvonov\u00e1 stolica je ulo\u017een\u00e1 vo ve\u017ei na oce\u013eovo-bet\u00f3novej platni s\u00a0anti &#8211; vybra\u010dn\u00fdmi podlo\u017ekami, zvony s\u00fa zavesen\u00e9 na okovan\u00fdch dubov\u00fdch z\u00e1vesoch ulo\u017een\u00fdch v\u00a0lo\u017eisk\u00e1ch, ich pohon zabezpe\u010duj\u00fa line\u00e1rne motory s\u00a0riadiacou elektronickou jednotkou so sp\u00ednac\u00edmi hodinami. V roku 2017 sa uskuto\u010dnila oprava vn\u00fatorn\u00fdch omietok vo farskej budove a\u00a0realizoval sa projekt ,,Z\u00a0hist\u00f3rie Bohoslu\u017eobnej literat\u00fary\u2019\u2019 v\u00a0zborovej sieni. Gener\u00e1lna rekon\u0161trukcia zatekaj\u00facej strechy kostola a\u00a0pri\u013eahl\u00fdch budov sa uskuto\u010dnila v\u00a0r.2020 a v\u00fdmena dreven\u00fdch okien a dver\u00ed za\u00a0 okn\u00e1 a\u00a0dvere z\u00a0kompozitn\u00fdch materi\u00e1lov s \u00a0izola\u010dn\u00fdm trojsklom v\u00a0rokoch 2022 a\u00a02023. V\u00a0r.2023 sa zrealizovali aj sana\u010dn\u00e9 pr\u00e1ce a\u00a0mont\u00e1\u017e nov\u00e9ho oce\u013eov\u00e9ho z\u00e1bradlia na ch\u00f3re a taktie\u017e interi\u00e9rov\u00e9 ma\u013eby hlavnej chr\u00e1movej lode. Ma\u013eba vestibulu, renov\u00e1cia kostoln\u00fdch lav\u00edc v\u010d\u00edtane dl\u00e1\u017ekovice, dod\u00e1vka a\u00a0mont\u00e1\u017e novej kuchynskej linky v\u00a0malej zborovej sieni a\u00a0novej viac\u00fa\u010delovej skrine pod ve\u017eou prebehla v\u00a0roku 2024.V uvedenom roku bola realizovan\u00e1 aj v\u00fdroba a\u00a0mont\u00e1\u017e p\u00f3dia pred vstupom do ve\u017ee kostola a\u00a0celkov\u00e1 rekon\u0161trukcia ozvu\u010denia kostola. Celkov\u00e9 n\u00e1klady na opravy a\u00a0rekon\u0161trukcie v\u00a0rokoch 2012 a\u017e 2024 predstavovali hodnotu\u00a0 259 600.-Eur. Fotodokument\u00e1cia v\u0161etk\u00fdch\u00a0 et\u00e1p v\u00fdstavby kostola, opr\u00e1v a\u00a0rekon\u0161trukci\u00ed je zverejnen\u00e1 na\u00a0 webovej str\u00e1nke www.kalvin.sk v\u00a0prie\u010dinku\u00a0 <\/span><b>FOTOGAL\u00c9RIA .<\/b><\/span><\/p>\n<p><span style=\"font-weight: 400; color: #000000;\">Cel\u00e1 v\u00fdstavba sa mohla uskuto\u010dni\u0165 len v\u010faka finan\u010dn\u00fdm pr\u00edspevkom \u010dlenov a\u00a0sympatizantov michalovsk\u00e9ho zboru, ale aj ostatn\u00fdch zborov Reformovanej cirkvi.K najv\u00e4\u010d\u0161\u00edm sponzorom z\u00a0radu fyzick\u00fdch os\u00f4b patril brat Michal Malej\u010d\u00edk a\u00a0brat Milan G\u00e9ci. Finan\u010dn\u00fa podporu poskytlo aj mesto Michalovce a\u00a0Vl\u00e1da SR. V\u00fdznamn\u00fdm\u00a0 prispievate\u013eom hlavne pri rekon\u0161truk\u010dn\u00fdch pr\u00e1cach bol V\u0161eobecn\u00fd fond Reformovanej kres\u0165anskej cirkvi a\u00a0zahrani\u010dn\u00e9 podporn\u00e9 organiz\u00e1cie ako Gustav Adolf Werke z\u00a0Nemecka\u00a0 a Stichting Jagtspoel Fonds z Holandska. Ve\u013ea pr\u00e1c hlavne v za\u010diatkoch v\u00fdstavby sa realizovalo\u00a0 svojpomocne\u00a0 v\u010faka ochotn\u00fdm\u00a0 pracovn\u00edkom, ktor\u00ed doslovne prilo\u017eili ruky k dielu. Medzi najakt\u00edvnej\u0161\u00edch brig\u00e1dnikov patrili bratia:<\/span><\/p>\n<p><span style=\"font-weight: 400; color: #000000;\">Andrej Jen\u010do,Tibor Kan\u00f3c, Bartolomej Kudro\u010d, Michal Kendere\u0161, Radoslav Sot\u00e1k, Juraj \u010cis\u00e1r st., Juraj \u010cis\u00e1r ml., Juraj Borko, J.Maxim,\u00a0 Jaroslav Ondo\u010d\u00edk, Michal Kontra, Mat\u00fa\u0161 Gazdovi\u010d, \u013dudov\u00edt Gazdovi\u010d, Milan Kica, Karol Kom\u00e1romi, Pavol Kom\u00e1romi.<\/span><\/p>\n<p><span style=\"font-weight: 400; color: #000000;\">\u00a0Pre uvedenie\u00a0 kostola do u\u017e\u00edvania bolo potrebn\u00e9 zabespe\u010di\u0165 aj viacer\u00e9 r\u00facha na kazate\u013enicu a st\u00f4l p\u00e1nov, kalichy a t\u00e1cne k vysluhovaniu ve\u010dere p\u00e1novej a podobne. Tieto Bohoslu\u017eobn\u00e9 predmety zbor z\u00edskal z darov rod\u00edn a jednotlivcov. Medzi najakt\u00edvnej\u0161\u00edch darcov patrili sestry a rodiny:\u00a0<\/span><\/p>\n<p><span style=\"font-weight: 400; color: #000000;\">Jolana Kudro\u010dov\u00e1, Barbora Kendere\u0161ov\u00e1, M\u00e1ria Gazdovi\u010dov\u00e1, rodina Milana Majernika, rodina Andreja B\u00e1nociho, M\u00e1ria Humensk\u00e1, Milena Ve\u013easov\u00e1, M.Kavkov\u00e1, Anna B\u00e1nociov\u00e1, rodina Sot\u00e1kov\u00e1, rodina Michala Hroman\u00edka, rodina Juraja Kudro\u010da, Eva Hlodinkov\u00e1, rodina Michala Kontru.<\/span><\/p>\n<p><span style=\"font-weight: 400; color: #000000;\">V\u0161etk\u00fdm, ktor\u00ed sa akouko\u013evek \u010dinnos\u0165ou podie\u013eali na v\u00fdstavbe kostola a na\u00a0rekon\u0161truk\u010dn\u00fdch pr\u00e1cach patr\u00ed na\u0161a \u00faprimn\u00e1 v\u010faka. Najv\u00e4\u010d\u0161ie po\u010fakovanie v\u0161ak patr\u00ed n\u00e1\u0161mu Bohu, z\u00a0ktor\u00e9ho milosti sme mohli tieto rozsiahle stavebn\u00e9 pr\u00e1ce za\u010da\u0165 i zdarne ukon\u010di\u0165 a\u00a0stret\u00e1va\u0165 sa s\u00a0N\u00edm v\u00a0Jeho Bo\u017eom dome !<\/span><\/p>\n<p><span style=\"color: #000000;\"><b>\u00a0\u00a0\u00a0\u00a0\u00a0\u00a0<\/b><b>\u00a0,,Ak\u00e1 vz\u00e1cna je Tvoja milos\u0165, Bo\u017ee, synovia \u013eudsk\u00ed v\u00a0t\u00f4ni Tvojich kr\u00eddel maj\u00fa \u00fato\u010di\u0161te. Hostia sa hojnos\u0165ou Tvojho domu a\u00a0nap\u00e1ja\u0161 ich z\u00a0riavy svojich slast\u00ed. Lebo u\u00a0Teba je prame\u0148 \u017eivota a\u00a0v\u00a0Tvojom svetle svetlo vid\u00edme.\u201c<\/b><\/span><\/p>\n<p style=\"text-align: right;\"><span style=\"color: #000000;\"><b>\u017ealm 36, 8-10<\/b><\/span><\/p>\n<p style=\"text-align: center;\"><strong><span style=\"color: #000000;\">Ing. Jaroslav B\u00e1noci<\/span><\/strong><\/p>\n<\/div><\/div><\/div><\/div><\/div><\/div><\/div><\/div><\/div><\/section><\/div>","protected":false},"excerpt":{"rendered":"","protected":false},"author":1,"featured_media":0,"parent":0,"menu_order":0,"comment_status":"closed","ping_status":"closed","template":"","meta":{"_monsterinsights_skip_tracking":false,"_monsterinsights_sitenote_active":false,"_monsterinsights_sitenote_note":"","_monsterinsights_sitenote_category":0},"yoast_head":"<!-- This site is optimized with the Yoast SEO plugin v14.2 - https:\/\/yoast.com\/wordpress\/plugins\/seo\/ -->\n<title>Kostol - Kalvin<\/title>\n<meta name=\"robots\" content=\"index, follow\" \/>\n<meta name=\"googlebot\" content=\"index, follow, max-snippet:-1, max-image-preview:large, max-video-preview:-1\" \/>\n<meta name=\"bingbot\" content=\"index, follow, max-snippet:-1, max-image-preview:large, max-video-preview:-1\" \/>\n<link rel=\"canonical\" href=\"https:\/\/www.kalvin.sk\/?page_id=2102\" \/>\n<meta property=\"og:locale\" content=\"sk_SK\" \/>\n<meta property=\"og:type\" content=\"article\" \/>\n<meta property=\"og:title\" content=\"Kostol - Kalvin\" \/>\n<meta property=\"og:url\" content=\"https:\/\/www.kalvin.sk\/?page_id=2102\" \/>\n<meta property=\"og:site_name\" content=\"Kalvin\" \/>\n<meta property=\"article:modified_time\" content=\"2025-01-16T10:31:45+00:00\" \/>\n<meta name=\"twitter:card\" content=\"summary_large_image\" \/>\n<script type=\"application\/ld+json\" class=\"yoast-schema-graph\">{\"@context\":\"https:\/\/schema.org\",\"@graph\":[{\"@type\":\"WebSite\",\"@id\":\"https:\/\/www.kalvin.sk\/#website\",\"url\":\"https:\/\/www.kalvin.sk\/\",\"name\":\"Kalvin\",\"description\":\"\",\"potentialAction\":[{\"@type\":\"SearchAction\",\"target\":\"https:\/\/www.kalvin.sk\/?s={search_term_string}\",\"query-input\":\"required name=search_term_string\"}],\"inLanguage\":\"sk-SK\"},{\"@type\":\"WebPage\",\"@id\":\"https:\/\/www.kalvin.sk\/?page_id=2102#webpage\",\"url\":\"https:\/\/www.kalvin.sk\/?page_id=2102\",\"name\":\"Kostol - Kalvin\",\"isPartOf\":{\"@id\":\"https:\/\/www.kalvin.sk\/#website\"},\"datePublished\":\"2024-12-22T13:40:40+00:00\",\"dateModified\":\"2025-01-16T10:31:45+00:00\",\"inLanguage\":\"sk-SK\",\"potentialAction\":[{\"@type\":\"ReadAction\",\"target\":[\"https:\/\/www.kalvin.sk\/?page_id=2102\"]}]}]}<\/script>\n<!-- \/ Yoast SEO plugin. -->","_links":{"self":[{"href":"https:\/\/www.kalvin.sk\/index.php?rest_route=\/wp\/v2\/pages\/2102"}],"collection":[{"href":"https:\/\/www.kalvin.sk\/index.php?rest_route=\/wp\/v2\/pages"}],"about":[{"href":"https:\/\/www.kalvin.sk\/index.php?rest_route=\/wp\/v2\/types\/page"}],"author":[{"embeddable":true,"href":"https:\/\/www.kalvin.sk\/index.php?rest_route=\/wp\/v2\/users\/1"}],"replies":[{"embeddable":true,"href":"https:\/\/www.kalvin.sk\/index.php?rest_route=%2Fwp%2Fv2%2Fcomments&post=2102"}],"version-history":[{"count":5,"href":"https:\/\/www.kalvin.sk\/index.php?rest_route=\/wp\/v2\/pages\/2102\/revisions"}],"predecessor-version":[{"id":2156,"href":"https:\/\/www.kalvin.sk\/index.php?rest_route=\/wp\/v2\/pages\/2102\/revisions\/2156"}],"wp:attachment":[{"href":"https:\/\/www.kalvin.sk\/index.php?rest_route=%2Fwp%2Fv2%2Fmedia&parent=2102"}],"curies":[{"name":"wp","href":"https:\/\/api.w.org\/{rel}","templated":true}]}}