{"id":413,"date":"2022-02-06T11:23:05","date_gmt":"2022-02-06T10:23:05","guid":{"rendered":"https:\/\/www.kalvin.sk\/?page_id=413"},"modified":"2025-01-06T15:47:22","modified_gmt":"2025-01-06T14:47:22","slug":"spevokol","status":"publish","type":"page","link":"https:\/\/www.kalvin.sk\/?page_id=413","title":{"rendered":"Spevokol"},"content":{"rendered":"<div class=\"bt_bb_wrapper\"><section id=\"bt_bb_section69ece05b4708a\"  class=\"bt_bb_section bt_bb_layout_boxed_1200\" ><div class=\"bt_bb_port\"><div class=\"bt_bb_cell\"><div class=\"bt_bb_cell_inner\"><div class=\"bt_bb_row_wrapper\"><div  class=\"bt_bb_row\" ><div  class=\"bt_bb_column col-xl-12 col-xs-12 col-sm-12 col-md-12 col-lg-12 bt_bb_align_left bt_bb_vertical_align_top bt_bb_padding_normal\"  data-width=\"12\" data-bt-override-class=\"{}\"><div class=\"bt_bb_column_content\"><div class=\"bt_bb_column_content_inner\"><div class=\"bt_bb_image bt_bb_shape_square bt_bb_align_center bt_bb_hover_style_simple bt_bb_content_display_always bt_bb_content_align_middle\" data-bt-override-class=\"{&quot;bt_bb_align_&quot;:{&quot;current_class&quot;:&quot;bt_bb_align_center&quot;,&quot;xl&quot;:&quot;center&quot;}}\"><span><img width=\"600\" height=\"361\" src=\"https:\/\/www.kalvin.sk\/wp-content\/uploads\/2022\/04\/spevokoltitulnafoto.jpg\" class=\"attachment-full size-full\" alt=\"https:\/\/www.kalvin.sk\/wp-content\/uploads\/2022\/04\/spevokoltitulnafoto.jpg\" loading=\"lazy\" data-full_image_src=\"https:\/\/www.kalvin.sk\/wp-content\/uploads\/2022\/04\/spevokoltitulnafoto.jpg\" title=\"spevokoltitulnafoto\" srcset=\"https:\/\/www.kalvin.sk\/wp-content\/uploads\/2022\/04\/spevokoltitulnafoto.jpg 600w, https:\/\/www.kalvin.sk\/wp-content\/uploads\/2022\/04\/spevokoltitulnafoto-300x181.jpg 300w\" sizes=\"(max-width: 600px) 100vw, 600px\" \/><\/span><\/div><div  class=\"bt_bb_text\" ><p style=\"text-align: center;\"><span style=\"color: #000000;\">Nedochovala sa star\u0161ia dokument\u00e1cia zborov\u00e9ho spevu u reformovan\u00fdch \/ kalv\u00ednov\/ v Michalovciach, ale predpoklad\u00e1me \u017ee za\u010diatky siahaj\u00fa niekde do obdobia vzniku Michalovsk\u00e9ho ref. zboru teda do polovici 16.storo\u010dia. Novodob\u00e1 hist\u00f3ria po r.1990 hovor\u00ed o spevokole, ktor\u00fd pravidelne vystupoval na Bohoslu\u017eb\u00e1ch a in\u00fdch kres\u0165ansk\u00fdch podujatiach pod veden\u00edm br. J\u00e1na Dziaka. V obdob\u00ed do r.2000 sa vystriedalo viacero dirigentov : s. Nistorov\u00e1, s. M\u00e1ria\u00a0 Malej\u010d\u00edkov\u00e1,\u00a0 br. Juraj \u010cisar.\u00a0 Od\u00a0 jesene\u00a0 2000\u00a0 do\u00a0 konca\u00a0 roku\u00a0 2013\u00a0 spevokol\u00a0 viedol br. Juraj Tich\u00fd. <\/span><\/p>\n<p style=\"text-align: center;\"><span style=\"color: #000000;\">N\u00e1zov SOLI DEO GLORIA spevokol za\u010dal pou\u017e\u00edva\u0165 od r. 2010. V tomto obdob\u00ed sa po\u010det \u010dlenov stabilizoval na 25 &#8211; 30. Za\u010diatkom roka 2014 dirigovanie spevokolu prevzala s. Veronika Savkov\u00e1.\u00a0<\/span><\/p>\n<p style=\"text-align: center;\"><span style=\"color: #000000;\">\u00a0 Spevokol pravidelne \u00fa\u010dinkuje v\u00a0Michalovskom reformovanom kostole po\u010das sviato\u010dn\u00fdch Bohoslu\u017eieb, na pravideln\u00fdch prehliadkach spevokolov v\u00a0miestach kde existuj\u00fa ref. zbory ale aj na\u00a0r\u00f4znych ekumenick\u00fdch sl\u00e1vnostiach v\u00a0Michalovciach i\u00a0\u0161ir\u0161om okol\u00ed.<\/span><\/p>\n<p style=\"text-align: center;\"><span style=\"color: #000000;\">\u00a0\u00a0\u00a0\u00a0\u00a0 Reperto\u00e1r spevokolu tvoria preva\u017ene piesne a\u00a0\u017ealmy z\u00a0protestantsk\u00e9ho prostredia v\u00a0Eur\u00f3pe, ale aj v\u00a0USA.<\/span><\/p>\n<h3 style=\"text-align: center;\"><span style=\"color: #800000;\">ZOZNAM \u010cLENOV SPEVOKOLU<\/span><\/h3>\n<p><span style=\"color: #0000ff;\"> Sopr\u00e1n :\u00a0 \u00a0 \u00a0 \u00a0 \u00a0 \u00a0 \u00a0 \u00a0 \u00a0 \u00a0 \u00a0 \u00a0 \u00a0 \u00a0 \u00a0 \u00a0 \u00a0 \u00a0 \u00a0 \u00a0 \u00a0Alt : \u00a0 \u00a0 \u00a0 \u00a0 \u00a0 \u00a0 \u00a0 \u00a0 \u00a0 \u00a0 \u00a0 \u00a0 \u00a0 \u00a0 \u00a0 \u00a0 \u00a0 Tenor :\u00a0 \u00a0 \u00a0 \u00a0 \u00a0 \u00a0 \u00a0 \u00a0 \u00a0 \u00a0 \u00a0 \u00a0 \u00a0 \u00a0 \u00a0 Bass :<\/span><br \/>\n<span style=\"color: #000000;\">Dzvon\u00edkov\u00e1 Paul\u00edna\u00a0 \u00a0 \u00a0 \u00a0 \u00a0 \u00a0 \u00a0 \u00a0 \u00a0 \u00a0 \u00a0 Godo\u010d\u00edkov\u00e1 Berta\u00a0\u00a0\u00a0 \u00a0 \u00a0 \u00a0\u00a0 \u00a0 B\u00e1noci Pavol\u00a0 \u00a0 \u00a0 \u00a0 \u00a0 \u00a0 \u00a0 \u00a0 \u00a0 \u00a0 B\u00e1noci Jaroslav<\/span><br \/>\n<span style=\"color: #000000;\">E\u0161tokov\u00e1 Anna\u00a0 \u00a0 \u00a0 \u00a0 \u00a0 \u00a0 \u00a0 \u00a0 \u00a0 \u00a0 \u00a0 \u00a0 \u00a0 \u00a0 \u00a0 I\u013e\u010d\u00edkov\u00e1 M\u00e1ria\u00a0 \u00a0 \u00a0 \u00a0 \u00a0 \u00a0 \u00a0 \u00a0 \u00a0 \u00a0Kontra Michal\u00a0 \u00a0 \u00a0 \u00a0 \u00a0 \u00a0 \u00a0 \u00a0 \u00a0 \u00a0Vir\u010d\u00edk Zdeno<\/span><br \/>\n<span style=\"color: #000000;\">Gajdo\u0161ociov\u00e1 Jana\u00a0 \u00a0 \u00a0 \u00a0 \u00a0 \u00a0 \u00a0 \u00a0 \u00a0 \u00a0 \u00a0 \u00a0Jen\u010dov\u00e1 Anna\u00a0 \u00a0 \u00a0 \u00a0 \u00a0 \u00a0 \u00a0 \u00a0 \u00a0 \u00a0Sot\u00e1k Radoslav\u00a0 \u00a0 \u00a0 \u00a0 \u00a0 \u00a0 \u00a0 \u00a0 Kne\u017eo Bla\u017eej<\/span><br \/>\n<span style=\"color: #000000;\">Gajdo\u0161ov\u00e1 Marta\u00a0 \u00a0 \u00a0 \u00a0 \u00a0 \u00a0 \u00a0 \u00a0 \u00a0 \u00a0 \u00a0 \u00a0 \u00a0 Kicov\u00e1 Katar\u00edna\u00a0 \u00a0 \u00a0 \u00a0 \u00a0 \u00a0 \u00a0 \u00a0 \u00a0\u0160olt\u00e9s J\u00e1n\u00a0 \u00a0 \u00a0 \u00a0 \u00a0 \u00a0 \u00a0 \u00a0 \u00a0 \u00a0 \u00a0 \u00a0 Sabo Ladislav<\/span><br \/>\n<span style=\"color: #000000;\">Lis\u00e1 Gabriela\u00a0 \u00a0 \u00a0 \u00a0 \u00a0 \u00a0 \u00a0 \u00a0 \u00a0 \u00a0 \u00a0 \u00a0 \u00a0 \u00a0 \u00a0 \u00a0 Kicov\u00e1 Milada\u00a0 \u00a0 \u00a0 \u00a0 \u00a0 \u00a0 \u00a0 \u00a0 \u00a0 \u00a0 \u0160olt\u00e9s J\u00e1n ml.\u00a0 \u00a0 \u00a0 \u00a0 \u00a0 \u00a0 \u00a0 \u00a0 \u00a0\u00a0<\/span><br \/>\n<span style=\"color: #000000;\">Lis\u00e1 Gabriela ml.\u00a0 \u00a0 \u00a0 \u00a0 \u00a0 \u00a0 \u00a0 \u00a0 \u00a0 \u00a0 \u00a0 \u00a0 \u00a0 Ohriskov\u00e1 Ren\u00e1ta <\/span><br \/>\n<span style=\"color: #000000;\">Sot\u00e1kov\u00e1 Timea <\/span><br \/>\n<span style=\"color: #000000;\">Stloukalov\u00e1 Kvetoslava <\/span><br \/>\n<span style=\"color: #000000;\">Stropkovi\u010dov\u00e1 Milka <\/span><br \/>\n<span style=\"color: #000000;\">\u0160olt\u00e9sov\u00e1 Viera<\/span><br \/>\n<span style=\"color: #000000;\">\u0160tefan\u010d\u00edkov\u00e1 Jozef\u00edna<\/span><br \/>\n<span style=\"color: #000000;\">Toma\u0161u\u013eov\u00e1 Anna<\/span><br \/>\n<span style=\"color: #000000;\">Va\u013eo\u010d\u00edkov\u00e1 Jarmila<\/span><br \/>\n<span style=\"color: #000000;\">Zolov\u00e1 \u013dubica<\/span><br \/>\n<span style=\"color: #000000;\">Stu\u013eakov\u00e1 Anna<\/span><\/p>\n<\/div><div class=\"bt_bb_slider bt_bb_height_auto bt_bb_show_dots_bottom bt_bb_animation_slide animate\"><div class=\"slick-slider\"  data-slick='{ \"lazyLoad\": \"progressive\", \"cssEase\": \"ease-out\", \"speed\": \"300\", \"adaptiveHeight\": true, \"dots\": true, \"prevArrow\": \"&lt;button type=\\\"button\\\" class=\\\"slick-prev\\\"&gt;\", \"nextArrow\": \"&lt;button type=\\\"button\\\" class=\\\"slick-next\\\"&gt;\"}' ><div class=\"bt_bb_slider_item\" data-src-full=\"https:\/\/www.kalvin.sk\/wp-content\/uploads\/2022\/04\/spevokol_0101.jpg\"><img src=\"https:\/\/www.kalvin.sk\/wp-content\/uploads\/2022\/04\/spevokol_0101.jpg\" alt=\"SONY DSC\"  title=\"SONY DSC\"><\/div><div class=\"bt_bb_slider_item\" data-src-full=\"https:\/\/www.kalvin.sk\/wp-content\/uploads\/2022\/04\/spevokol_007.jpg\"><img src=\"https:\/\/www.kalvin.sk\/wp-content\/uploads\/2022\/04\/spevokol_007.jpg\" alt=\"SONY DSC\"  title=\"SONY DSC\"><\/div><div class=\"bt_bb_slider_item\" data-src-full=\"https:\/\/www.kalvin.sk\/wp-content\/uploads\/2022\/04\/spevokol_006.jpg\"><img src=\"https:\/\/www.kalvin.sk\/wp-content\/uploads\/2022\/04\/spevokol_006.jpg\" alt=\"SONY DSC\"  title=\"SONY DSC\"><\/div><div class=\"bt_bb_slider_item\" data-src-full=\"https:\/\/www.kalvin.sk\/wp-content\/uploads\/2022\/04\/spevokol_005.jpg\"><img src=\"https:\/\/www.kalvin.sk\/wp-content\/uploads\/2022\/04\/spevokol_005.jpg\" alt=\"SONY DSC\"  title=\"SONY DSC\"><\/div><div class=\"bt_bb_slider_item\" data-src-full=\"https:\/\/www.kalvin.sk\/wp-content\/uploads\/2022\/04\/spevokol_004.jpg\"><img src=\"https:\/\/www.kalvin.sk\/wp-content\/uploads\/2022\/04\/spevokol_004.jpg\" alt=\"SONY DSC\"  title=\"SONY DSC\"><\/div><div class=\"bt_bb_slider_item\" data-src-full=\"https:\/\/www.kalvin.sk\/wp-content\/uploads\/2022\/04\/spevokol_003.jpg\"><img src=\"https:\/\/www.kalvin.sk\/wp-content\/uploads\/2022\/04\/spevokol_003.jpg\" alt=\"SONY DSC\"  title=\"SONY DSC\"><\/div><div class=\"bt_bb_slider_item\" data-src-full=\"https:\/\/www.kalvin.sk\/wp-content\/uploads\/2022\/04\/spevokol_002.jpg\"><img src=\"https:\/\/www.kalvin.sk\/wp-content\/uploads\/2022\/04\/spevokol_002.jpg\" alt=\"SONY DSC\"  title=\"SONY DSC\"><\/div><div class=\"bt_bb_slider_item\" data-src-full=\"https:\/\/www.kalvin.sk\/wp-content\/uploads\/2022\/04\/spevokol_001.jpg\"><img src=\"https:\/\/www.kalvin.sk\/wp-content\/uploads\/2022\/04\/spevokol_001.jpg\" alt=\"SONY DSC\"  title=\"SONY DSC\"><\/div><div class=\"bt_bb_slider_item\" data-src-full=\"https:\/\/www.kalvin.sk\/wp-content\/uploads\/2022\/04\/spevokol_0301.jpg\"><img src=\"https:\/\/www.kalvin.sk\/wp-content\/uploads\/2022\/04\/spevokol_0301.jpg\" alt=\"SONY DSC\"  title=\"SONY DSC\"><\/div><div class=\"bt_bb_slider_item\" data-src-full=\"https:\/\/www.kalvin.sk\/wp-content\/uploads\/2022\/04\/spevokol_0291.jpg\"><img src=\"https:\/\/www.kalvin.sk\/wp-content\/uploads\/2022\/04\/spevokol_0291.jpg\" alt=\"SONY DSC\"  title=\"SONY DSC\"><\/div><div class=\"bt_bb_slider_item\" data-src-full=\"https:\/\/www.kalvin.sk\/wp-content\/uploads\/2022\/04\/spevokol_0281.jpg\"><img src=\"https:\/\/www.kalvin.sk\/wp-content\/uploads\/2022\/04\/spevokol_0281.jpg\" alt=\"SONY DSC\"  title=\"SONY DSC\"><\/div><div class=\"bt_bb_slider_item\" data-src-full=\"https:\/\/www.kalvin.sk\/wp-content\/uploads\/2022\/04\/spevokol_0271.jpg\"><img src=\"https:\/\/www.kalvin.sk\/wp-content\/uploads\/2022\/04\/spevokol_0271.jpg\" alt=\"SONY DSC\"  title=\"SONY DSC\"><\/div><div class=\"bt_bb_slider_item\" data-src-full=\"https:\/\/www.kalvin.sk\/wp-content\/uploads\/2022\/04\/spevokol_0261.jpg\"><img src=\"https:\/\/www.kalvin.sk\/wp-content\/uploads\/2022\/04\/spevokol_0261.jpg\" alt=\"SONY DSC\"  title=\"SONY DSC\"><\/div><div class=\"bt_bb_slider_item\" data-src-full=\"https:\/\/www.kalvin.sk\/wp-content\/uploads\/2022\/04\/spevokol_0251.jpg\"><img src=\"https:\/\/www.kalvin.sk\/wp-content\/uploads\/2022\/04\/spevokol_0251.jpg\" alt=\"SONY DSC\"  title=\"SONY DSC\"><\/div><div class=\"bt_bb_slider_item\" data-src-full=\"https:\/\/www.kalvin.sk\/wp-content\/uploads\/2022\/04\/spevokol_0241.jpg\"><img src=\"https:\/\/www.kalvin.sk\/wp-content\/uploads\/2022\/04\/spevokol_0241.jpg\" alt=\"SONY DSC\"  title=\"SONY DSC\"><\/div><div class=\"bt_bb_slider_item\" data-src-full=\"https:\/\/www.kalvin.sk\/wp-content\/uploads\/2022\/04\/spevokol_0231.jpg\"><img src=\"https:\/\/www.kalvin.sk\/wp-content\/uploads\/2022\/04\/spevokol_0231.jpg\" alt=\"SONY DSC\"  title=\"SONY DSC\"><\/div><div class=\"bt_bb_slider_item\" data-src-full=\"https:\/\/www.kalvin.sk\/wp-content\/uploads\/2022\/04\/spevokol_0221.jpg\"><img src=\"https:\/\/www.kalvin.sk\/wp-content\/uploads\/2022\/04\/spevokol_0221.jpg\" alt=\"SONY DSC\"  title=\"SONY DSC\"><\/div><div class=\"bt_bb_slider_item\" data-src-full=\"https:\/\/www.kalvin.sk\/wp-content\/uploads\/2022\/04\/spevokol_0201.jpg\"><img src=\"https:\/\/www.kalvin.sk\/wp-content\/uploads\/2022\/04\/spevokol_0201.jpg\" alt=\"SONY DSC\"  title=\"SONY DSC\"><\/div><div class=\"bt_bb_slider_item\" data-src-full=\"https:\/\/www.kalvin.sk\/wp-content\/uploads\/2022\/04\/spevokol_0211.jpg\"><img src=\"https:\/\/www.kalvin.sk\/wp-content\/uploads\/2022\/04\/spevokol_0211.jpg\" alt=\"SONY DSC\"  title=\"SONY DSC\"><\/div><div class=\"bt_bb_slider_item\" data-src-full=\"https:\/\/www.kalvin.sk\/wp-content\/uploads\/2022\/04\/spevokol_0191.jpg\"><img src=\"https:\/\/www.kalvin.sk\/wp-content\/uploads\/2022\/04\/spevokol_0191.jpg\" alt=\"SONY DSC\"  title=\"SONY DSC\"><\/div><div class=\"bt_bb_slider_item\" data-src-full=\"https:\/\/www.kalvin.sk\/wp-content\/uploads\/2022\/04\/spevokol_0171.jpg\"><img src=\"https:\/\/www.kalvin.sk\/wp-content\/uploads\/2022\/04\/spevokol_0171.jpg\" alt=\"SONY DSC\"  title=\"SONY DSC\"><\/div><div class=\"bt_bb_slider_item\" data-src-full=\"https:\/\/www.kalvin.sk\/wp-content\/uploads\/2022\/04\/spevokol_0181.jpg\"><img src=\"https:\/\/www.kalvin.sk\/wp-content\/uploads\/2022\/04\/spevokol_0181.jpg\" alt=\"SONY DSC\"  title=\"SONY DSC\"><\/div><div class=\"bt_bb_slider_item\" data-src-full=\"https:\/\/www.kalvin.sk\/wp-content\/uploads\/2022\/04\/spevokol_0161.jpg\"><img src=\"https:\/\/www.kalvin.sk\/wp-content\/uploads\/2022\/04\/spevokol_0161.jpg\" alt=\"SONY DSC\"  title=\"SONY DSC\"><\/div><div class=\"bt_bb_slider_item\" data-src-full=\"https:\/\/www.kalvin.sk\/wp-content\/uploads\/2022\/04\/spevokol_0151.jpg\"><img src=\"https:\/\/www.kalvin.sk\/wp-content\/uploads\/2022\/04\/spevokol_0151.jpg\" alt=\"SONY DSC\"  title=\"SONY DSC\"><\/div><div class=\"bt_bb_slider_item\" data-src-full=\"https:\/\/www.kalvin.sk\/wp-content\/uploads\/2022\/04\/spevokol_0141.jpg\"><img src=\"https:\/\/www.kalvin.sk\/wp-content\/uploads\/2022\/04\/spevokol_0141.jpg\" alt=\"SONY DSC\"  title=\"SONY DSC\"><\/div><div class=\"bt_bb_slider_item\" data-src-full=\"https:\/\/www.kalvin.sk\/wp-content\/uploads\/2022\/04\/spevokol_0131.jpg\"><img src=\"https:\/\/www.kalvin.sk\/wp-content\/uploads\/2022\/04\/spevokol_0131.jpg\" alt=\"SONY DSC\"  title=\"SONY DSC\"><\/div><div class=\"bt_bb_slider_item\" data-src-full=\"https:\/\/www.kalvin.sk\/wp-content\/uploads\/2022\/04\/spevokol_0121.jpg\"><img src=\"https:\/\/www.kalvin.sk\/wp-content\/uploads\/2022\/04\/spevokol_0121.jpg\" alt=\"SONY DSC\"  title=\"SONY DSC\"><\/div><div class=\"bt_bb_slider_item\" data-src-full=\"https:\/\/www.kalvin.sk\/wp-content\/uploads\/2022\/04\/spevokol_0111.jpg\"><img src=\"https:\/\/www.kalvin.sk\/wp-content\/uploads\/2022\/04\/spevokol_0111.jpg\" alt=\"SONY DSC\"  title=\"SONY DSC\"><\/div><div class=\"bt_bb_slider_item\" data-src-full=\"https:\/\/www.kalvin.sk\/wp-content\/uploads\/2022\/04\/spevokol_0081.jpg\"><img src=\"https:\/\/www.kalvin.sk\/wp-content\/uploads\/2022\/04\/spevokol_0081.jpg\" alt=\"SONY DSC\"  title=\"SONY DSC\"><\/div><div class=\"bt_bb_slider_item\" data-src-full=\"https:\/\/www.kalvin.sk\/wp-content\/uploads\/2022\/04\/spevokol_0091.jpg\"><img src=\"https:\/\/www.kalvin.sk\/wp-content\/uploads\/2022\/04\/spevokol_0091.jpg\" alt=\"SONY DSC\"  title=\"SONY DSC\"><\/div><div class=\"bt_bb_slider_item\" data-src-full=\"https:\/\/www.kalvin.sk\/wp-content\/uploads\/2022\/04\/spevokol_0071.jpg\"><img src=\"https:\/\/www.kalvin.sk\/wp-content\/uploads\/2022\/04\/spevokol_0071.jpg\" alt=\"spevokol_0071\"  title=\"spevokol_0071\"><\/div><div class=\"bt_bb_slider_item\" data-src-full=\"https:\/\/www.kalvin.sk\/wp-content\/uploads\/2022\/04\/spevokol_0052.jpg\"><img src=\"https:\/\/www.kalvin.sk\/wp-content\/uploads\/2022\/04\/spevokol_0052.jpg\" alt=\"SONY DSC\"  title=\"SONY DSC\"><\/div><div class=\"bt_bb_slider_item\" data-src-full=\"https:\/\/www.kalvin.sk\/wp-content\/uploads\/2022\/04\/spevokol_0061.jpg\"><img src=\"https:\/\/www.kalvin.sk\/wp-content\/uploads\/2022\/04\/spevokol_0061.jpg\" alt=\"spevokol_0061\"  title=\"spevokol_0061\"><\/div><div class=\"bt_bb_slider_item\" data-src-full=\"https:\/\/www.kalvin.sk\/wp-content\/uploads\/2022\/04\/spevokol_0051.jpg\"><img src=\"https:\/\/www.kalvin.sk\/wp-content\/uploads\/2022\/04\/spevokol_0051.jpg\" alt=\"spevokol_0051\"  title=\"spevokol_0051\"><\/div><div class=\"bt_bb_slider_item\" data-src-full=\"https:\/\/www.kalvin.sk\/wp-content\/uploads\/2022\/04\/spevokol_0031.jpg\"><img src=\"https:\/\/www.kalvin.sk\/wp-content\/uploads\/2022\/04\/spevokol_0031.jpg\" alt=\"spevokol_0031\"  title=\"spevokol_0031\"><\/div><div class=\"bt_bb_slider_item\" data-src-full=\"https:\/\/www.kalvin.sk\/wp-content\/uploads\/2022\/04\/spevokol_0041.jpg\"><img src=\"https:\/\/www.kalvin.sk\/wp-content\/uploads\/2022\/04\/spevokol_0041.jpg\" alt=\"spevokol_0041\"  title=\"spevokol_0041\"><\/div><div class=\"bt_bb_slider_item\" data-src-full=\"https:\/\/www.kalvin.sk\/wp-content\/uploads\/2022\/04\/spevokol_029_b1.jpg\"><img src=\"https:\/\/www.kalvin.sk\/wp-content\/uploads\/2022\/04\/spevokol_029_b1.jpg\" alt=\"SONY DSC\"  title=\"SONY DSC\"><\/div><div class=\"bt_bb_slider_item\" data-src-full=\"https:\/\/www.kalvin.sk\/wp-content\/uploads\/2022\/04\/spevokol_030.jpg\"><img src=\"https:\/\/www.kalvin.sk\/wp-content\/uploads\/2022\/04\/spevokol_030.jpg\" alt=\"spevokol_030\"  title=\"spevokol_030\"><\/div><div class=\"bt_bb_slider_item\" data-src-full=\"https:\/\/www.kalvin.sk\/wp-content\/uploads\/2022\/04\/spevokol_029_b.jpg\"><img src=\"https:\/\/www.kalvin.sk\/wp-content\/uploads\/2022\/04\/spevokol_029_b.jpg\" alt=\"spevokol_029_b\"  title=\"spevokol_029_b\"><\/div><div class=\"bt_bb_slider_item\" data-src-full=\"https:\/\/www.kalvin.sk\/wp-content\/uploads\/2022\/04\/spevokol_029_a.jpg\"><img src=\"https:\/\/www.kalvin.sk\/wp-content\/uploads\/2022\/04\/spevokol_029_a.jpg\" alt=\"spevokol_029_a\"  title=\"spevokol_029_a\"><\/div><div class=\"bt_bb_slider_item\" data-src-full=\"https:\/\/www.kalvin.sk\/wp-content\/uploads\/2022\/04\/spevokol_029_a1.jpg\"><img src=\"https:\/\/www.kalvin.sk\/wp-content\/uploads\/2022\/04\/spevokol_029_a1.jpg\" alt=\"SONY DSC\"  title=\"SONY DSC\"><\/div><div class=\"bt_bb_slider_item\" data-src-full=\"https:\/\/www.kalvin.sk\/wp-content\/uploads\/2022\/04\/spevokol_029.jpg\"><img src=\"https:\/\/www.kalvin.sk\/wp-content\/uploads\/2022\/04\/spevokol_029.jpg\" alt=\"spevokol_029\"  title=\"spevokol_029\"><\/div><div class=\"bt_bb_slider_item\" data-src-full=\"https:\/\/www.kalvin.sk\/wp-content\/uploads\/2022\/04\/spevokol_028.jpg\"><img src=\"https:\/\/www.kalvin.sk\/wp-content\/uploads\/2022\/04\/spevokol_028.jpg\" alt=\"spevokol_028\"  title=\"spevokol_028\"><\/div><div class=\"bt_bb_slider_item\" data-src-full=\"https:\/\/www.kalvin.sk\/wp-content\/uploads\/2022\/04\/spevokol_027.jpg\"><img src=\"https:\/\/www.kalvin.sk\/wp-content\/uploads\/2022\/04\/spevokol_027.jpg\" alt=\"spevokol_027\"  title=\"spevokol_027\"><\/div><div class=\"bt_bb_slider_item\" data-src-full=\"https:\/\/www.kalvin.sk\/wp-content\/uploads\/2022\/04\/spevokol_025.jpg\"><img src=\"https:\/\/www.kalvin.sk\/wp-content\/uploads\/2022\/04\/spevokol_025.jpg\" alt=\"spevokol_025\"  title=\"spevokol_025\"><\/div><div class=\"bt_bb_slider_item\" data-src-full=\"https:\/\/www.kalvin.sk\/wp-content\/uploads\/2022\/04\/spevokol_026.jpg\"><img src=\"https:\/\/www.kalvin.sk\/wp-content\/uploads\/2022\/04\/spevokol_026.jpg\" alt=\"spevokol_026\"  title=\"spevokol_026\"><\/div><div class=\"bt_bb_slider_item\" data-src-full=\"https:\/\/www.kalvin.sk\/wp-content\/uploads\/2022\/04\/spevokol_024.jpg\"><img src=\"https:\/\/www.kalvin.sk\/wp-content\/uploads\/2022\/04\/spevokol_024.jpg\" alt=\"spevokol_024\"  title=\"spevokol_024\"><\/div><div class=\"bt_bb_slider_item\" data-src-full=\"https:\/\/www.kalvin.sk\/wp-content\/uploads\/2022\/04\/spevokol_023.jpg\"><img src=\"https:\/\/www.kalvin.sk\/wp-content\/uploads\/2022\/04\/spevokol_023.jpg\" alt=\"spevokol_023\"  title=\"spevokol_023\"><\/div><div class=\"bt_bb_slider_item\" data-src-full=\"https:\/\/www.kalvin.sk\/wp-content\/uploads\/2022\/04\/spevokol_022.jpg\"><img src=\"https:\/\/www.kalvin.sk\/wp-content\/uploads\/2022\/04\/spevokol_022.jpg\" alt=\"spevokol_022\"  title=\"spevokol_022\"><\/div><div class=\"bt_bb_slider_item\" data-src-full=\"https:\/\/www.kalvin.sk\/wp-content\/uploads\/2022\/04\/spevokol_021_b1.jpg\"><img src=\"https:\/\/www.kalvin.sk\/wp-content\/uploads\/2022\/04\/spevokol_021_b1.jpg\" alt=\"SONY DSC\"  title=\"SONY DSC\"><\/div><div class=\"bt_bb_slider_item\" data-src-full=\"https:\/\/www.kalvin.sk\/wp-content\/uploads\/2022\/04\/spevokol_021_b.jpg\"><img src=\"https:\/\/www.kalvin.sk\/wp-content\/uploads\/2022\/04\/spevokol_021_b.jpg\" alt=\"spevokol_021_b\"  title=\"spevokol_021_b\"><\/div><div class=\"bt_bb_slider_item\" data-src-full=\"https:\/\/www.kalvin.sk\/wp-content\/uploads\/2022\/04\/spevokol_021.jpg\"><img src=\"https:\/\/www.kalvin.sk\/wp-content\/uploads\/2022\/04\/spevokol_021.jpg\" alt=\"spevokol_021\"  title=\"spevokol_021\"><\/div><div class=\"bt_bb_slider_item\" data-src-full=\"https:\/\/www.kalvin.sk\/wp-content\/uploads\/2022\/04\/spevokol_019.jpg\"><img src=\"https:\/\/www.kalvin.sk\/wp-content\/uploads\/2022\/04\/spevokol_019.jpg\" alt=\"spevokol_019\"  title=\"spevokol_019\"><\/div><div class=\"bt_bb_slider_item\" data-src-full=\"https:\/\/www.kalvin.sk\/wp-content\/uploads\/2022\/04\/spevokol_020.jpg\"><img src=\"https:\/\/www.kalvin.sk\/wp-content\/uploads\/2022\/04\/spevokol_020.jpg\" alt=\"spevokol_020\"  title=\"spevokol_020\"><\/div><div class=\"bt_bb_slider_item\" data-src-full=\"https:\/\/www.kalvin.sk\/wp-content\/uploads\/2022\/04\/spevokol_018.jpg\"><img src=\"https:\/\/www.kalvin.sk\/wp-content\/uploads\/2022\/04\/spevokol_018.jpg\" alt=\"spevokol_018\"  title=\"spevokol_018\"><\/div><div class=\"bt_bb_slider_item\" data-src-full=\"https:\/\/www.kalvin.sk\/wp-content\/uploads\/2022\/04\/spevokol_017.jpg\"><img src=\"https:\/\/www.kalvin.sk\/wp-content\/uploads\/2022\/04\/spevokol_017.jpg\" alt=\"spevokol_017\"  title=\"spevokol_017\"><\/div><div class=\"bt_bb_slider_item\" data-src-full=\"https:\/\/www.kalvin.sk\/wp-content\/uploads\/2022\/04\/spevokol_016.jpg\"><img src=\"https:\/\/www.kalvin.sk\/wp-content\/uploads\/2022\/04\/spevokol_016.jpg\" alt=\"spevokol_016\"  title=\"spevokol_016\"><\/div><div class=\"bt_bb_slider_item\" data-src-full=\"https:\/\/www.kalvin.sk\/wp-content\/uploads\/2022\/04\/spevokol_015.jpg\"><img src=\"https:\/\/www.kalvin.sk\/wp-content\/uploads\/2022\/04\/spevokol_015.jpg\" alt=\"spevokol_015\"  title=\"spevokol_015\"><\/div><\/div><\/div><\/div><\/div><\/div><\/div><\/div><\/div><\/div><\/div><\/section><\/div>","protected":false},"excerpt":{"rendered":"","protected":false},"author":1,"featured_media":0,"parent":0,"menu_order":0,"comment_status":"closed","ping_status":"closed","template":"","meta":{"_monsterinsights_skip_tracking":false,"_monsterinsights_sitenote_active":false,"_monsterinsights_sitenote_note":"","_monsterinsights_sitenote_category":0},"yoast_head":"<!-- This site is optimized with the Yoast SEO plugin v14.2 - https:\/\/yoast.com\/wordpress\/plugins\/seo\/ -->\n<title>Spevokol - Kalvin<\/title>\n<meta name=\"robots\" content=\"index, follow\" \/>\n<meta name=\"googlebot\" content=\"index, follow, max-snippet:-1, max-image-preview:large, max-video-preview:-1\" \/>\n<meta name=\"bingbot\" content=\"index, follow, max-snippet:-1, max-image-preview:large, max-video-preview:-1\" \/>\n<link rel=\"canonical\" href=\"https:\/\/www.kalvin.sk\/?page_id=413\" \/>\n<meta property=\"og:locale\" content=\"sk_SK\" \/>\n<meta property=\"og:type\" content=\"article\" \/>\n<meta property=\"og:title\" content=\"Spevokol - Kalvin\" \/>\n<meta property=\"og:url\" content=\"https:\/\/www.kalvin.sk\/?page_id=413\" \/>\n<meta property=\"og:site_name\" content=\"Kalvin\" \/>\n<meta property=\"article:modified_time\" content=\"2025-01-06T14:47:22+00:00\" \/>\n<meta name=\"twitter:card\" content=\"summary_large_image\" \/>\n<script type=\"application\/ld+json\" class=\"yoast-schema-graph\">{\"@context\":\"https:\/\/schema.org\",\"@graph\":[{\"@type\":\"WebSite\",\"@id\":\"https:\/\/www.kalvin.sk\/#website\",\"url\":\"https:\/\/www.kalvin.sk\/\",\"name\":\"Kalvin\",\"description\":\"\",\"potentialAction\":[{\"@type\":\"SearchAction\",\"target\":\"https:\/\/www.kalvin.sk\/?s={search_term_string}\",\"query-input\":\"required name=search_term_string\"}],\"inLanguage\":\"sk-SK\"},{\"@type\":\"WebPage\",\"@id\":\"https:\/\/www.kalvin.sk\/?page_id=413#webpage\",\"url\":\"https:\/\/www.kalvin.sk\/?page_id=413\",\"name\":\"Spevokol - Kalvin\",\"isPartOf\":{\"@id\":\"https:\/\/www.kalvin.sk\/#website\"},\"datePublished\":\"2022-02-06T10:23:05+00:00\",\"dateModified\":\"2025-01-06T14:47:22+00:00\",\"inLanguage\":\"sk-SK\",\"potentialAction\":[{\"@type\":\"ReadAction\",\"target\":[\"https:\/\/www.kalvin.sk\/?page_id=413\"]}]}]}<\/script>\n<!-- \/ Yoast SEO plugin. -->","_links":{"self":[{"href":"https:\/\/www.kalvin.sk\/index.php?rest_route=\/wp\/v2\/pages\/413"}],"collection":[{"href":"https:\/\/www.kalvin.sk\/index.php?rest_route=\/wp\/v2\/pages"}],"about":[{"href":"https:\/\/www.kalvin.sk\/index.php?rest_route=\/wp\/v2\/types\/page"}],"author":[{"embeddable":true,"href":"https:\/\/www.kalvin.sk\/index.php?rest_route=\/wp\/v2\/users\/1"}],"replies":[{"embeddable":true,"href":"https:\/\/www.kalvin.sk\/index.php?rest_route=%2Fwp%2Fv2%2Fcomments&post=413"}],"version-history":[{"count":6,"href":"https:\/\/www.kalvin.sk\/index.php?rest_route=\/wp\/v2\/pages\/413\/revisions"}],"predecessor-version":[{"id":2131,"href":"https:\/\/www.kalvin.sk\/index.php?rest_route=\/wp\/v2\/pages\/413\/revisions\/2131"}],"wp:attachment":[{"href":"https:\/\/www.kalvin.sk\/index.php?rest_route=%2Fwp%2Fv2%2Fmedia&parent=413"}],"curies":[{"name":"wp","href":"https:\/\/api.w.org\/{rel}","templated":true}]}}