{"id":688,"date":"2022-06-21T13:40:05","date_gmt":"2022-06-21T11:40:05","guid":{"rendered":"https:\/\/www.kalvin.sk\/?page_id=688"},"modified":"2022-11-27T19:20:57","modified_gmt":"2022-11-27T18:20:57","slug":"kazatel","status":"publish","type":"page","link":"https:\/\/www.kalvin.sk\/?page_id=688","title":{"rendered":"Kazate\u013e"},"content":{"rendered":"<div class=\"bt_bb_wrapper\"><section id=\"bt_bb_section69ef6aff03b49\"  class=\"bt_bb_section bt_bb_layout_boxed_1200\" ><div class=\"bt_bb_port\"><div class=\"bt_bb_cell\"><div class=\"bt_bb_cell_inner\"><div class=\"bt_bb_row_wrapper\"><div  class=\"bt_bb_row\" ><div  class=\"bt_bb_column col-xl-12 col-xs-12 col-sm-12 col-md-12 col-lg-12 bt_bb_align_left bt_bb_vertical_align_top bt_bb_padding_normal\"  data-width=\"12\" data-bt-override-class=\"{}\"><div class=\"bt_bb_column_content\"><div class=\"bt_bb_column_content_inner\"><div  class=\"bt_bb_text\" ><p><strong>Mgr. Juraj Gajdo\u0161oci<\/strong><\/p>\n<p>Naroden\u00fd v\u00a0roku 1966 v\u00a0Sobranciach. Vyrastal v\u00a0reformovanom cirkevnom zbore v\u00a0Be\u017eovciach. Denn\u00e9 teologick\u00e9 \u0161t\u00fadium absolvoval na univerzite v\u00a0Kom\u00e1rne. Po ukon\u010den\u00ed vysoko\u0161kolsk\u00e9ho \u0161t\u00fadia p\u00f4sobil ako senior\u00e1tny kapl\u00e1n. Nesk\u00f4r ako administr\u00e1tor a\u00a0zvolen\u00fd far\u00e1r. Krat\u0161ie p\u00f4sobil v\u00a0cirkevn\u00fdch zboroch : Lastom\u00edr, Jenkovce, Kristy, Ta\u0161u\u013ea, Humenn\u00e9, Vranov nad Top\u013eou. Dlh\u0161ie p\u00f4sobenie bolo v\u00a0cirkevn\u00fdch zboroch : Stretava, Stretavka, Vysok\u00e1 nad Uhom, Blatn\u00e1 Polianka, Sv\u00e4tu\u0161. V\u00a0s\u00fa\u010dasnosti je far\u00e1rom reformovan\u00e9ho cirkevn\u00e9ho zboru v\u00a0Michalovciach.<\/p>\n<\/div><div class=\"bt_bb_image bt_bb_shape_square bt_bb_align_inherit bt_bb_hover_style_simple bt_bb_content_display_always bt_bb_content_align_middle\" data-bt-override-class=\"{&quot;bt_bb_align_&quot;:{&quot;current_class&quot;:&quot;bt_bb_align_inherit&quot;,&quot;xl&quot;:&quot;inherit&quot;}}\"><span><img width=\"1536\" height=\"2560\" src=\"https:\/\/www.kalvin.sk\/wp-content\/uploads\/2022\/06\/20220606_105054.jpg\" class=\"attachment-full size-full\" alt=\"https:\/\/www.kalvin.sk\/wp-content\/uploads\/2022\/06\/20220606_105054.jpg\" loading=\"lazy\" data-full_image_src=\"https:\/\/www.kalvin.sk\/wp-content\/uploads\/2022\/06\/20220606_105054.jpg\" title=\"20220606_105054\" srcset=\"https:\/\/www.kalvin.sk\/wp-content\/uploads\/2022\/06\/20220606_105054.jpg 1536w, https:\/\/www.kalvin.sk\/wp-content\/uploads\/2022\/06\/20220606_105054-180x300.jpg 180w, https:\/\/www.kalvin.sk\/wp-content\/uploads\/2022\/06\/20220606_105054-614x1024.jpg 614w, https:\/\/www.kalvin.sk\/wp-content\/uploads\/2022\/06\/20220606_105054-768x1280.jpg 768w, https:\/\/www.kalvin.sk\/wp-content\/uploads\/2022\/06\/20220606_105054-922x1536.jpg 922w, https:\/\/www.kalvin.sk\/wp-content\/uploads\/2022\/06\/20220606_105054-1229x2048.jpg 1229w\" sizes=\"(max-width: 1536px) 100vw, 1536px\" \/><\/span><\/div><\/div><\/div><\/div><\/div><\/div><\/div><\/div><\/div><\/section><\/div>","protected":false},"excerpt":{"rendered":"","protected":false},"author":1,"featured_media":0,"parent":0,"menu_order":0,"comment_status":"closed","ping_status":"closed","template":"","meta":{"_monsterinsights_skip_tracking":false,"_monsterinsights_sitenote_active":false,"_monsterinsights_sitenote_note":"","_monsterinsights_sitenote_category":0},"yoast_head":"<!-- This site is optimized with the Yoast SEO plugin v14.2 - https:\/\/yoast.com\/wordpress\/plugins\/seo\/ -->\n<title>Kazate\u013e - Kalvin<\/title>\n<meta name=\"robots\" content=\"index, follow\" \/>\n<meta name=\"googlebot\" content=\"index, follow, max-snippet:-1, max-image-preview:large, max-video-preview:-1\" \/>\n<meta name=\"bingbot\" content=\"index, follow, max-snippet:-1, max-image-preview:large, max-video-preview:-1\" \/>\n<link rel=\"canonical\" href=\"https:\/\/www.kalvin.sk\/?page_id=688\" \/>\n<meta property=\"og:locale\" content=\"sk_SK\" \/>\n<meta property=\"og:type\" content=\"article\" \/>\n<meta property=\"og:title\" content=\"Kazate\u013e - Kalvin\" \/>\n<meta property=\"og:url\" content=\"https:\/\/www.kalvin.sk\/?page_id=688\" \/>\n<meta property=\"og:site_name\" content=\"Kalvin\" \/>\n<meta property=\"article:modified_time\" content=\"2022-11-27T18:20:57+00:00\" \/>\n<meta name=\"twitter:card\" content=\"summary_large_image\" \/>\n<script type=\"application\/ld+json\" class=\"yoast-schema-graph\">{\"@context\":\"https:\/\/schema.org\",\"@graph\":[{\"@type\":\"WebSite\",\"@id\":\"https:\/\/www.kalvin.sk\/#website\",\"url\":\"https:\/\/www.kalvin.sk\/\",\"name\":\"Kalvin\",\"description\":\"\",\"potentialAction\":[{\"@type\":\"SearchAction\",\"target\":\"https:\/\/www.kalvin.sk\/?s={search_term_string}\",\"query-input\":\"required name=search_term_string\"}],\"inLanguage\":\"sk-SK\"},{\"@type\":\"WebPage\",\"@id\":\"https:\/\/www.kalvin.sk\/?page_id=688#webpage\",\"url\":\"https:\/\/www.kalvin.sk\/?page_id=688\",\"name\":\"Kazate\\u013e - Kalvin\",\"isPartOf\":{\"@id\":\"https:\/\/www.kalvin.sk\/#website\"},\"datePublished\":\"2022-06-21T11:40:05+00:00\",\"dateModified\":\"2022-11-27T18:20:57+00:00\",\"inLanguage\":\"sk-SK\",\"potentialAction\":[{\"@type\":\"ReadAction\",\"target\":[\"https:\/\/www.kalvin.sk\/?page_id=688\"]}]}]}<\/script>\n<!-- \/ Yoast SEO plugin. -->","_links":{"self":[{"href":"https:\/\/www.kalvin.sk\/index.php?rest_route=\/wp\/v2\/pages\/688"}],"collection":[{"href":"https:\/\/www.kalvin.sk\/index.php?rest_route=\/wp\/v2\/pages"}],"about":[{"href":"https:\/\/www.kalvin.sk\/index.php?rest_route=\/wp\/v2\/types\/page"}],"author":[{"embeddable":true,"href":"https:\/\/www.kalvin.sk\/index.php?rest_route=\/wp\/v2\/users\/1"}],"replies":[{"embeddable":true,"href":"https:\/\/www.kalvin.sk\/index.php?rest_route=%2Fwp%2Fv2%2Fcomments&post=688"}],"version-history":[{"count":4,"href":"https:\/\/www.kalvin.sk\/index.php?rest_route=\/wp\/v2\/pages\/688\/revisions"}],"predecessor-version":[{"id":1540,"href":"https:\/\/www.kalvin.sk\/index.php?rest_route=\/wp\/v2\/pages\/688\/revisions\/1540"}],"wp:attachment":[{"href":"https:\/\/www.kalvin.sk\/index.php?rest_route=%2Fwp%2Fv2%2Fmedia&parent=688"}],"curies":[{"name":"wp","href":"https:\/\/api.w.org\/{rel}","templated":true}]}}