{"id":7,"date":"2020-07-23T12:41:18","date_gmt":"2020-07-23T10:41:18","guid":{"rendered":"https:\/\/www.ktvpro.online\/?page_id=7"},"modified":"2026-04-20T14:47:34","modified_gmt":"2026-04-20T12:47:34","slug":"hello-world","status":"publish","type":"page","link":"https:\/\/www.kalvin.sk\/","title":{"rendered":"Aktuality"},"content":{"rendered":"<div class=\"bt_bb_wrapper\"><section id=\"bt_bb_section69ecb2f4c65c4\"  class=\"bt_bb_section bt_bb_layout_boxed_1200 bt_bb_full_screen bt_bb_vertical_align_top\" ><div class=\"bt_bb_port\"><div class=\"bt_bb_cell\"><div class=\"bt_bb_cell_inner\"><div class=\"bt_bb_row_wrapper\"><div id=\"start-row\" class=\"bt_bb_row\" ><div  class=\"bt_bb_column col-xl-12 col-xs-12 col-sm-12 col-md-12 col-lg-12 bt_bb_align_center bt_bb_vertical_align_top bt_bb_padding_normal\"  data-width=\"12\" data-bt-override-class=\"{&quot;bt_bb_align_&quot;:{&quot;current_class&quot;:&quot;bt_bb_align_center&quot;,&quot;xl&quot;:&quot;center&quot;}}\"><div class=\"bt_bb_column_content\"><div class=\"bt_bb_column_content_inner\"><div class=\"bt_bb_button bt_bb_icon_position_left bt_bb_style_outline bt_bb_size_large bt_bb_width_inline bt_bb_shape_inherit bt_bb_align_inherit\" data-bt-override-class=\"{&quot;bt_bb_size_&quot;:{&quot;current_class&quot;:&quot;bt_bb_size_large&quot;,&quot;xl&quot;:&quot;large&quot;},&quot;bt_bb_align_&quot;:{&quot;current_class&quot;:&quot;bt_bb_align_inherit&quot;,&quot;xl&quot;:&quot;inherit&quot;}}\"><a href=\"https:\/\/www.youtube.com\/@kalvin2231\/streams\" target=\"_self\" class=\"bt_bb_link\" title=\"Online Bohoslu\u017eby\"><span class=\"bt_bb_button_text\">Online Bohoslu\u017eby<\/span><span  data-ico-fa=\"&#xf16a;\" class=\"bt_bb_icon_holder\"><\/span><\/a><\/div><div  class=\"bt_bb_text\" ><p><span style=\"color: #ffffff;\">,<\/span><\/p>\n<\/div><div  class=\"bt_bb_text\" ><h2 style=\"text-align: center;\"><span style=\"color: #800000;\"><strong>Oznamy 19<\/strong><\/span><span style=\"color: #800000;\"><strong>.4.2026<\/strong><\/span><\/h2>\n<p style=\"text-align: center;\"><span style=\"color: #000000;\"><strong>&#8211; Na bud\u00facu nede\u013eu bud\u00fa dopolud\u0148aj\u0161ie Bohoslu\u017eby o 11:00 hod.<br \/>\n&#8211; Konfirma\u010dn\u00e1 pr\u00edprava bude ako obvykle v\u00a0piatok 24.4.2026. Prv\u00fd ro\u010dn\u00edk<br \/>\no 16:15 hod. , druh\u00fd ro\u010dn\u00edk 15:45 hod.<br \/>\n&#8211; N\u00e1cvik spevokolu bude v stredu 22.4.2026 o 17:00 hod.<br \/>\n&#8211; V nede\u013eu popoludn\u00ed 26.4.2026 o 15:00 hod. organizuje Michalovsk\u00fd<br \/>\nsenior\u00e1t v\u00a0tomto chr\u00e1me stretnutie spevokolov. Poz\u00fdvame v\u0161etk\u00fdch<br \/>\nnad\u0161encov zborov\u00e9ho spevu ako aj ostatn\u00fdch veriacich ku chv\u00e1lam<br \/>\nBo\u017eieho mena.<br \/>\n&#8211; Va\u0161e ofery a pr\u00edspevky je mo\u017en\u00e9 uhr\u00e1dza\u0165 platobnou kartou resp. mobilnou aplik\u00e1ciou prostredn\u00edctvom platobn\u00e9ho termin\u00e1lu priamo v kostole, alebo posiela\u0165 elektronicky.<\/strong><\/span><\/p>\n<\/div><div  class=\"bt_bb_text\" ><p><span style=\"color: #ffffff;\">,<\/span><\/p>\n<\/div><div class=\"bt_bb_masonry_image_grid bt_bb_grid_container bt_bb_columns_2 bt_bb_gap_no_gap\" data-columns=\"2\"><div class=\"bt_bb_masonry_post_image_content\" data-columns=\"2\"><div class=\"bt_bb_grid_sizer\"><\/div><div class=\"bt_bb_grid_item bt_bb_tile_format11\" data-hw=\"1.4125\" data-src=\"https:\/\/www.kalvin.sk\/wp-content\/uploads\/2025\/10\/PATMOS-Ju\u0301n-2026_page-0001-725x1024.jpg\" data-src-full=\"https:\/\/www.kalvin.sk\/wp-content\/uploads\/2025\/10\/PATMOS-Ju\u0301n-2026_page-0001.jpg\" data-title=\"PATMOS Ju\u0301n 2026_page-0001\"><div class=\"bt_bb_grid_item_inner\" data-hw=\"1.4125\" ><div class=\"bt_bb_grid_item_inner_image\"><\/div><div class=\"bt_bb_grid_item_inner_content\"><\/div><\/div><\/div><div class=\"bt_bb_grid_item bt_bb_tile_format11\" data-hw=\"1.4125\" data-src=\"https:\/\/www.kalvin.sk\/wp-content\/uploads\/2025\/10\/PATMOS-Ju\u0301n-2026_page-0002-725x1024.jpg\" data-src-full=\"https:\/\/www.kalvin.sk\/wp-content\/uploads\/2025\/10\/PATMOS-Ju\u0301n-2026_page-0002.jpg\" data-title=\"PATMOS Ju\u0301n 2026_page-0002\"><div class=\"bt_bb_grid_item_inner\" data-hw=\"1.4125\" ><div class=\"bt_bb_grid_item_inner_image\"><\/div><div class=\"bt_bb_grid_item_inner_content\"><\/div><\/div><\/div><\/div><\/div><div  class=\"bt_bb_text\" ><p><span style=\"color: #ffffff;\">,<\/span><\/p>\n<\/div><div class=\"bt_bb_button bt_bb_icon_position_left bt_bb_style_outline bt_bb_size_large bt_bb_width_inline bt_bb_shape_inherit bt_bb_align_inherit\" data-bt-override-class=\"{&quot;bt_bb_size_&quot;:{&quot;current_class&quot;:&quot;bt_bb_size_large&quot;,&quot;xl&quot;:&quot;large&quot;},&quot;bt_bb_align_&quot;:{&quot;current_class&quot;:&quot;bt_bb_align_inherit&quot;,&quot;xl&quot;:&quot;inherit&quot;}}\"><a href=\"https:\/\/www.kalvin.sk\/wp-content\/uploads\/2025\/10\/Prihla\u0301s\u030cka-PATMOS-Ju\u0301n-2026.pdf\" target=\"_self\" class=\"bt_bb_link\" title=\"Prihl\u00e1\u0161ka\"><span class=\"bt_bb_button_text\">Prihl\u00e1\u0161ka<\/span><span  data-ico-fa=\"&#xf0a9;\" class=\"bt_bb_icon_holder\"><\/span><\/a><\/div><div  class=\"bt_bb_text\" ><p><span style=\"color: #ffffff;\">,<\/span><\/p>\n<\/div><div  class=\"bt_bb_text\" ><h2 style=\"text-align: center;\"><span style=\"color: #800000;\"><b>Bohoslu\u017eby<\/b><\/span><\/h2>\n<div style=\"text-align: center;\"><span style=\"color: #000000;\"><b>Nede\u013en\u00e9 dopolud\u0148aj\u0161ie Bohoslu\u017eby o 11:<\/b><\/span><span style=\"color: #000000;\"><b>00 hod.<\/b><\/span><\/div>\n<div style=\"text-align: center;\"><\/div>\n<\/div><div  class=\"bt_bb_text\" ><p><span style=\"color: #ffffff;\">,<\/span><\/p>\n<\/div><div  class=\"bt_bb_text\" ><h2 style=\"text-align: center;\"><span style=\"color: #800000;\"><strong>Oznam<\/strong><\/span><\/h2>\n<p style=\"text-align: center;\"><span style=\"color: #000000;\"><strong>Mil\u00ed \u010dlenovia n\u00e1\u0161ho cirkevn\u00e9ho zboru, v\u00e1\u017een\u00ed sympatizanti a podporovatelia,<\/strong><\/span><br \/>\n<span style=\"color: #000000;\"><strong>bratia a sestry v Je\u017ei\u0161ovi Kristovi, oznamujeme V\u00e1m \u017ee Va\u0161e ofery a pr\u00edspevky je mo\u017en\u00e9 posiela\u0165 elektronicky na \u010d.\u00fa. Reformovanej kres\u0165anskej cirkvi na Slovensku &#8211; cirkevn\u00e9ho zboru Michalovce<\/strong><\/span><br \/>\n<span style=\"color: #000000;\"><strong>IBAN: SK55 7500 0000 0040 3039 0669, \u010cSOB banka<\/strong><\/span><\/p>\n<p style=\"text-align: center;\"><span style=\"color: #000000;\"><strong>V spr\u00e1ve pre prij\u00edmate\u013ea uve\u010fte pros\u00edm \u00fa\u010del ofery, pr\u00edspevku :<\/strong><\/span><\/p>\n<p style=\"text-align: center;\"><span style=\"color: #000000;\"><strong>DAN &#8211; platba cirkevnej dane<\/strong><\/span><br \/>\n<span style=\"color: #000000;\"><strong>ZBOR &#8211; na sl\u00e1vu Bo\u017eiu \/prev\u00e1dzkov\u00e9 potreby zboru<\/strong><\/span><br \/>\n<span style=\"color: #000000;\"><strong>ZBIERKA &#8211; \u00fa\u010delov\u00e1 zbierka<\/strong><\/span><br \/>\n<span style=\"color: #000000;\"><strong>KAZATEL &#8211; podpora kazate\u013ea<\/strong><\/span><br \/>\n<span style=\"color: #000000;\"><strong>Pod\u013ea V\u00e1\u0161ho uv\u00e1\u017eenia m\u00f4\u017ete a nemus\u00edte uvies\u0165 meno a priezvisko prispievate\u013ea.<\/strong><\/span><\/p>\n<\/div><\/div><\/div><\/div><\/div><\/div><\/div><\/div><\/div><\/section><\/div>","protected":false},"excerpt":{"rendered":"","protected":false},"author":1,"featured_media":0,"parent":0,"menu_order":0,"comment_status":"closed","ping_status":"closed","template":"","meta":{"_monsterinsights_skip_tracking":false,"_monsterinsights_sitenote_active":false,"_monsterinsights_sitenote_note":"","_monsterinsights_sitenote_category":0},"yoast_head":"<!-- This site is optimized with the Yoast SEO plugin v14.2 - https:\/\/yoast.com\/wordpress\/plugins\/seo\/ -->\n<title>Aktuality - Kalvin<\/title>\n<meta name=\"robots\" content=\"index, follow\" \/>\n<meta name=\"googlebot\" content=\"index, follow, max-snippet:-1, max-image-preview:large, max-video-preview:-1\" \/>\n<meta name=\"bingbot\" content=\"index, follow, max-snippet:-1, max-image-preview:large, max-video-preview:-1\" \/>\n<link rel=\"canonical\" href=\"https:\/\/www.kalvin.sk\/\" \/>\n<meta property=\"og:locale\" content=\"sk_SK\" \/>\n<meta property=\"og:type\" content=\"article\" \/>\n<meta property=\"og:title\" content=\"Aktuality - Kalvin\" \/>\n<meta property=\"og:url\" content=\"https:\/\/www.kalvin.sk\/\" \/>\n<meta property=\"og:site_name\" content=\"Kalvin\" \/>\n<meta property=\"article:modified_time\" content=\"2026-04-20T12:47:34+00:00\" \/>\n<meta name=\"twitter:card\" content=\"summary_large_image\" \/>\n<script type=\"application\/ld+json\" class=\"yoast-schema-graph\">{\"@context\":\"https:\/\/schema.org\",\"@graph\":[{\"@type\":\"WebSite\",\"@id\":\"https:\/\/www.kalvin.sk\/#website\",\"url\":\"https:\/\/www.kalvin.sk\/\",\"name\":\"Kalvin\",\"description\":\"\",\"potentialAction\":[{\"@type\":\"SearchAction\",\"target\":\"https:\/\/www.kalvin.sk\/?s={search_term_string}\",\"query-input\":\"required name=search_term_string\"}],\"inLanguage\":\"sk-SK\"},{\"@type\":\"WebPage\",\"@id\":\"https:\/\/www.kalvin.sk\/#webpage\",\"url\":\"https:\/\/www.kalvin.sk\/\",\"name\":\"Aktuality - Kalvin\",\"isPartOf\":{\"@id\":\"https:\/\/www.kalvin.sk\/#website\"},\"datePublished\":\"2020-07-23T10:41:18+00:00\",\"dateModified\":\"2026-04-20T12:47:34+00:00\",\"inLanguage\":\"sk-SK\",\"potentialAction\":[{\"@type\":\"ReadAction\",\"target\":[\"https:\/\/www.kalvin.sk\/\"]}]}]}<\/script>\n<!-- \/ Yoast SEO plugin. -->","_links":{"self":[{"href":"https:\/\/www.kalvin.sk\/index.php?rest_route=\/wp\/v2\/pages\/7"}],"collection":[{"href":"https:\/\/www.kalvin.sk\/index.php?rest_route=\/wp\/v2\/pages"}],"about":[{"href":"https:\/\/www.kalvin.sk\/index.php?rest_route=\/wp\/v2\/types\/page"}],"author":[{"embeddable":true,"href":"https:\/\/www.kalvin.sk\/index.php?rest_route=\/wp\/v2\/users\/1"}],"replies":[{"embeddable":true,"href":"https:\/\/www.kalvin.sk\/index.php?rest_route=%2Fwp%2Fv2%2Fcomments&post=7"}],"version-history":[{"count":6,"href":"https:\/\/www.kalvin.sk\/index.php?rest_route=\/wp\/v2\/pages\/7\/revisions"}],"predecessor-version":[{"id":2483,"href":"https:\/\/www.kalvin.sk\/index.php?rest_route=\/wp\/v2\/pages\/7\/revisions\/2483"}],"wp:attachment":[{"href":"https:\/\/www.kalvin.sk\/index.php?rest_route=%2Fwp%2Fv2%2Fmedia&parent=7"}],"curies":[{"name":"wp","href":"https:\/\/api.w.org\/{rel}","templated":true}]}}