{"id":94,"date":"2020-08-06T15:49:08","date_gmt":"2020-08-06T13:49:08","guid":{"rendered":"https:\/\/www.ktvpro.online\/?page_id=94"},"modified":"2025-01-16T11:30:18","modified_gmt":"2025-01-16T10:30:18","slug":"o-nas","status":"publish","type":"page","link":"https:\/\/www.kalvin.sk\/?page_id=94","title":{"rendered":"Hist\u00f3ria a s\u00fa\u010dasnos\u0165 zboru"},"content":{"rendered":"<div class=\"bt_bb_wrapper\"><section id=\"bt_bb_section69ecc9b30225b\"  class=\"bt_bb_section bt_bb_layout_boxed_1200 bt_bb_vertical_align_top\" ><div class=\"bt_bb_port\"><div class=\"bt_bb_cell\"><div class=\"bt_bb_cell_inner\"><div class=\"bt_bb_row_wrapper\"><div  class=\"bt_bb_row\" ><div  class=\"bt_bb_column col-xl-12 col-xs-12 col-sm-12 col-md-12 col-lg-12 bt_bb_align_left bt_bb_vertical_align_top bt_bb_padding_normal\"  data-width=\"12\" data-bt-override-class=\"{}\"><div class=\"bt_bb_column_content\"><div class=\"bt_bb_column_content_inner\"><div  class=\"bt_bb_text\" ><h2><strong><span style=\"color: #800000;\">Stru\u010dn\u00e1 hist\u00f3ria zboru<\/span> <\/strong><\/h2>\n<p><span style=\"color: #000000;\">Dejiny reformovan\u00e9ho zboru s\u00fa \u00fazko spojen\u00e9 z dejinami mesta Michalovce. Mestu bol udelen\u00fd mestsk\u00fd \u0161tat\u00fat 18. j\u00fana 1944.Od roku 1550 sa \u0161\u00edrila reform\u00e1cia v Michalovciach a v okol\u00ed. Reform\u00e1tori si z\u00edskali mocn\u00fdch z\u00e1stancov, \u0161\u013eachticov, Petra Per\u00e9nyiho ( 1502 \u2013 1548 ) a Gabriela Per\u00e9nyho ( 1532 \u2013 1567 ). Reform\u00e1tori, Michal Starai, \u0160tefan Kopa\u010di, Michal \u0160iko\u0161, \u0160tefan G\u00e1lszecsi,, sa pri\u010dinili o rozmach reform\u00e1cie aj v Michalovciach.Ve\u013emi skoro po reforma\u010dnej vlne sa vytv\u00e1ra Zempl\u00ednsky senior\u00e1t, kde patria tie\u017e Michalovce. V roku 1564 je prv\u00fdm seniorom Franti\u0161ek Czegl\u00e9di. V Michalovciach p\u00f4sobili reformovan\u00ed far\u00e1ri a kapl\u00e1ni od roku 1584. V roku 1618 boli v Michalovciach, pod\u013ea vizita\u010dnej z\u00e1pisnice duchovn\u00ed, jeden slovensk\u00fd a jeden ma\u010farsk\u00fd. Tak\u017ee sa k\u00e1zalo slovensky aj ma\u010farsky. K vtedaj\u0161iemu zboru v Michalovciach, patrili f\u00edlie: \u010ce\u010dehov, Ve\u013ek\u00e9 Zalu\u017eice, Orlovec, Lastom\u00edr, Betlenovce, Ha\u017e\u00edn, Mal\u00e9 Zalu\u017eice, Topo\u013eany, Petrovce.O prvom reformovanom kostole v Michalovciach nie s\u00fa presnej\u0161ie \u00fadaje. Pri nepokoji, ktor\u00fd vzi\u0161iel z protireform\u00e1cie bol kostol v roku 1672 kalv\u00ednom v Michalovciach odobrat\u00fd. Po tomto mnoh\u00ed chodievali na bohoslu\u017eby z Michaloviec do Lastom\u00edra. Vzh\u013eadom na kr\u00e1tku vzdialenos\u0165 a existenciu tamoj\u0161ieho zboru a kostola.Dc\u00e9rocirkevn\u00fdm zborom sa Michalovce st\u00e1vaj\u00fa v roku 1928. Tento dc\u00e9rocirkevn\u00fd zbor bol pri\u010dlenen\u00fd k matkocirkevn\u00e9mu zboru Humenn\u00e9.V roku 1940 sa uv\u00e1dza, v Kalv\u00ednskych hlasoch, \u017ee v Michalovciach je 218 kalv\u00ednskych du\u0161\u00ed. N\u00e1bo\u017eensk\u00fa v\u00fdchovu nav\u0161tevovalo 65 \u017eiakov. Za\u010dala sa oz\u00fdva\u0165 t\u00fa\u017eba po vlastnom kostole.Zdru\u017eenie reformovanej ml\u00e1de\u017ee v Michalovciach, zah\u00e1jilo svoju \u010dinnos\u0165 15. 10. 1940. Bohoslu\u017eby a zborov\u00e1 \u010dinnos\u0165 prebiehala v Me\u0161tianskej \u0161kole chlap\u010denskej v Michalovciach. Od tohto obdobia dc\u00e9rocirkevn\u00e9ho \u017eivota reformovan\u00e9ho zboru s\u00fa kur\u00e1tormi: JUDr. Alfr\u00e9d Mertens, Eugen Kostiansk\u00fd, Pavol Magura, J\u00e1n Jen\u010do, Pavel Matta, J\u00e1n Vinc, Karol Komaromi, Jaroslav Ondo\u010d\u00edk, v s\u00fa\u010dasnosti Ing. Jaroslav B\u00e1noci.Farsk\u00fd \u00farad, ke\u010f Michalovce boli dc\u00e9rocirkevn\u00fdm zborom bol v Humennom. Toto sa \u010doraz viac stret\u00e1valo s nev\u00f4\u013eou michalovsk\u00fdch reformovan\u00fdch. Po \u00faradn\u00fdch jednaniach je napokon farsk\u00fd \u00farad prelo\u017een\u00fd z Humenn\u00e9ho do Michaloviec. Stalo sa tak 1. 4. 1968, ke\u010f s\u00fahlas k tomu vydala cirkevn\u00e1 vrchnos\u0165 a taktie\u017e Krajsk\u00fd n\u00e1rodn\u00fd v\u00fdbor. U\u017e pred t\u00fdm v\u0161ak bola zhmotnen\u00e1 snaha o vlastn\u00fa duchovensk\u00fa stanicu. V roku 1965 bola zak\u00fapen\u00e1 budova pre \u00fa\u010dely zborov\u00e9ho \u017eivota a fary. T\u00e1to bola roz\u0161\u00edren\u00e1 a zrekon\u0161truovan\u00e1. Pokra\u010dovalo v\u0161ak \u00fasilie reformovan\u00fdch v Michalovciach, ale aj v Humennom, o st\u00e1lu duchovensk\u00fa stanicu.K \u00fa\u010delu duchovenskej stanice bola zak\u00fapen\u00e1 in\u00e1 budova na \u0160pit\u00e1lskej ulici, v roku 1965. Napokon sa ust\u00e1lilo in\u00e9 miesto, duchovensk\u00e1 stanica, ktor\u00fa zbor z\u00edskal k\u00fapou v roku 1976, na Dobriansk\u00e9ho ulici. Tu sa tie\u017e rozv\u00edja zborov\u00fd \u017eivot.Reformovan\u00fd zbor m\u00e1val bohoslu\u017eobn\u00e9 zhrom\u00e1\u017edenia v kostol\u00edku pri autobusovej stanici v Michalovciach. Na tomto mieste mali bohoslu\u017eby aj evanjelici a.v., v Michalovciach. Pozoruhodn\u00e9 je to, \u017ee kostol\u00edk je s\u00fa\u010das\u0165ou rodov\u00e9ho ka\u0161tie\u013ea St\u00e1raiovcov, ako u\u017e bolo uveden\u00e9 ich predok sa zasl\u00fa\u017eil o rozvoj reform\u00e1cie na Zempl\u00edne.T\u00fa\u017eba po vlastnom kostole dostala konkr\u00e9tnej\u0161iu podobu 21. 1. 1990, ke\u010f zborov\u00e9 valn\u00e9 zhrom\u00e1\u017edenie prij\u00edma uznesenie o zapo\u010dat\u00ed stavby nov\u00e9ho kostola. Bola vypracovan\u00e1 \u0161t\u00fadia nov\u00e9ho kostola, zborovej siene a fary, ktor\u00fa vypracovali Ing. arch. Jozef Pelley a Ing. arch. Jozef Ma\u0148uch.Po ust\u00e1len\u00ed miesta, kde by mal kostol st\u00e1\u0165 sa za\u010dalo zo z\u00e1kladmi kostola, 15. 6.1992. Z\u00e1kladn\u00fd kame\u0148 posv\u00e4til biskup ThDr.h.c. Eugen Mik\u00f3, 16. 8.1992. V roku 1992 bolo v zbore 1077 du\u0161\u00ed. Kostol, hlavn\u00e1 \u010das\u0165, bola vysv\u00e4ten\u00e1 1.9.1996, biskupom ThDr. G\u00e9zom Erd\u00e9lyim. V roku 1997 sa za\u010dalo zo z\u00e1kladmi zborovej siene.V rokoch 2000 a\u017e 2001 bola vybudovan\u00e1 stavba fary. Pri stavebn\u00fdch pr\u00e1cach ve\u013ekou mierou pom\u00e1hali reformovan\u00ed veriaci z in\u00fdch zborov. Pom\u00e1hali aj kres\u0165ania z in\u00fdch cirkvi. Pomoc pri\u0161la i finan\u010dn\u00e1, mnoh\u00ed prispeli po\u010das zbierok po obciach i v Michalovciach. Horlivos\u0165, ktor\u00e1 sa prejavovala, nakoniec priniesla s Bo\u017eou pomocou blahoslaven\u00fd v\u00fdsledok.Nov\u00fd kostol je v s\u00fa\u010dasnosti jednou z domin\u00e1nt v meste. Svojim zjavom je d\u00f4stojn\u00fdm sakr\u00e1lnym miestom v MichalovciachFar\u00e1ri a kapl\u00e1ni, ktor\u00ed sl\u00fa\u017eili v reformovanom zbore v Michalovciach :(pod\u013ea dostupn\u00fdch z\u00e1znamov) :rok 1606 \u2013 far\u00e1r J\u00e1n Tolnai , kapl\u00e1n Jakub Crisanoviusrok 1623 \u2013 kapl\u00e1n Matej Radolsk\u00fdrok 1881 \u2013 1939 far\u00e1r v Humennom Alexander Boszorm\u00e9nyirok 1935 \u2013 1936 far\u00e1r v Lastom\u00edre J\u00e1n Bal\u00e1\u017e vyu\u010doval reforovan\u00e9 n\u00e1bo\u017eenstvo na Gymn\u00e1ziurok 1940 \u2013 1941 far\u00e1r v Lastom\u00edre J\u00e1n Bal\u00e1\u017erok 1942 \u2013 1945 far\u00e1r v Pre\u0161ove Alexander Br\u00e1nyik<\/span><\/p>\n<p><span style=\"color: #000000;\">rok 1943 \u2013 1953 far\u00e1r v Lastom\u00edre J\u00e1n \u010contofalsk\u00fd<\/span><\/p>\n<p><span style=\"color: #000000;\">rok 1955 \u2013 1956 kapl\u00e1n v Humennom J\u00e1n Marjo<\/span><\/p>\n<p><span style=\"color: #000000;\">rok 1956 kapl\u00e1n J\u00e1n Pallay<\/span><\/p>\n<p><span style=\"color: #000000;\">rok 1957 kapl\u00e1n J\u00e1n Janov\u010d\u00edk<\/span><\/p>\n<p><span style=\"color: #000000;\">rok 1957 \u2013 1958 kapl\u00e1n Juraj Lorinc<\/span><\/p>\n<p><span style=\"color: #000000;\">rok 1956 \u2013 1959, 1962 \u2013 1965 kapl\u00e1n J\u00e1n Kne\u017eo<\/span><\/p>\n<p><span style=\"color: #000000;\">rok 1965 \u2013 far\u00e1r v Pal\u00edne J\u00e1n Janov\u010d\u00edk<\/span><\/p>\n<p><span style=\"color: #000000;\">rok 1967 \u2013 administr\u00e1tor v Humennom Juraj Gazdovi\u010d<\/span><\/p>\n<p><span style=\"color: #000000;\">rok 1967 \u2013 1985 far\u00e1r Humenn\u00e9 \u2013 Michalovce Juraj Gazdovi\u010d<\/span><\/p>\n<p><span style=\"color: #000000;\">rok 1986 \u2013 2005 far\u00e1r Humenn\u00e9 \u2013 Michalovce Michal Hroman\u00edk<\/span><\/p>\n<p><span style=\"color: #000000;\">rok 2005 \u2013 2006 far\u00e1r v Stretave Juraj Gajdo\u0161oci<\/span><\/p>\n<p><span style=\"color: #000000;\">rok 2006 \u2013 2007 far\u00e1r v Tu\u0161iciach Juraj Brecko<\/span><\/p>\n<p><span style=\"color: #000000;\">rok 2008 far\u00e1r v Michalovciach Juraj Gajdo\u0161oci<\/span><\/p>\n<h2><strong><span style=\"color: #800000;\">S\u00fa\u010dasnos\u0165 zboru<\/span> <\/strong><\/h2>\n<p><span style=\"color: #000000;\">N\u00e1\u0161 zbor m\u00e1 v s\u00fa\u010dasnosti (r. 2014) 1017 \u010dlenov, v\u010d\u00edtane det\u00ed. \u010clenovia sa prihlasuj\u00fa p\u00edsomne, \u010destn\u00fdmi prihl\u00e1seniami. Z toho je 461 \u010dlenov s volebn\u00fdm pr\u00e1vom,teda t\u00fdch dospel\u00fdh \u010dlenov ktor\u00ed uhradili \u010dlensk\u00fd poplatok tzv. \u201ecirkevn\u00fa da\u0148\u201c. Dnes sme v situ\u00e1cii, \u017ee najme mlad\u00ed \u010dlenovia zboru \u017eij\u00fa a pracuj\u00fa v zahrani\u010d\u00ed. Ka\u017ed\u00fd rok pribudne nieko\u013eko \u010dlenov. V mestskom prostred\u00ed organizujeme r\u00f4zne aktivity pre deti, ml\u00e1de\u017e, stredn\u00fa a star\u0161iu gener\u00e1ciu. Nov\u00fdch \u010dlenov z\u00edskavame hlavne z Bo\u017eej milosti. Prich\u00e1dzaj\u00fa k n\u00e1m po sob\u00e1\u0161i, pris\u0165ahovan\u00ed. M\u00e1me aj pr\u00edpady, ke\u010f sa prihl\u00e1si cel\u00e1 rodina do n\u00e1\u0161ho zboru. Stret\u00e1vame sa aj s t\u00fdm, \u017ee \u013eudia nechc\u00fa by\u0165 viazan\u00ed. Ob\u00e1vaj\u00fa sa z\u00e1v\u00e4zkov, ktor\u00e9 z \u010dlenstva v cirkvi vypl\u00fdvaj\u00fa. Tu m\u00e1 nezastupite\u013en\u00e9 miesto trpezlivos\u0165 zo strany zboru. Pre udr\u017eanie na\u0161ej \u010dlenskej z\u00e1kladne vytv\u00e1rame \u010do najvhodnej\u0161ie podmienky. Ka\u017ed\u00fd si m\u00f4\u017ee zvoli\u0165 \u00fa\u010das\u0165 na tom ktorom bohoslu\u017eobnom alebo zborovom podujat\u00ed. Pozornos\u0165 venujeme aj na\u0161im nemocn\u00fdm, nemobiln\u00fdm \u010dlenom. Pod\u013ea mo\u017enost\u00ed ich na\u0161i presbyteri svojimi autami dopravuj\u00fa na bohoslu\u017eby alebo stretnutia.Vykon\u00e1van\u00e9 zborov\u00e9 aktivity maj\u00fa sl\u00fa\u017ei\u0165 v\u0161etk\u00fdm \u010dlenom michalovsk\u00e9ho zboru. Ak za\u010dneme od det\u00ed, d\u00f4le\u017eit\u00e9 miesto maj\u00fa aktivity, ktor\u00e9 vykon\u00e1va Nede\u013en\u00e1 \u0161kola. S\u00fa to pravideln\u00e9 detsk\u00e9 bohoslu\u017eby, odpoludnia na de\u0148 det\u00ed, mikul\u00e1\u0161ske stretnutia. Turistick\u00e9 v\u00fdlety pre deti a rodi\u010dov. Pravidelne sa stret\u00e1va ml\u00e1de\u017e, tr\u00e1vi pl\u00e1novan\u00e9 v\u00fdlety mimo mesta. Ml\u00e1de\u017e sa v poslednom obdob\u00ed z\u00fa\u010dastnila kres\u0165ansk\u00fdch hudobn\u00fdch festivalov, evanjeliz\u00e1cii v meste, \u0161portovej futbalovej s\u00fa\u0165a\u017ee v meste. V zbore prebiehaj\u00fa stretnutia rod\u00edn na zauj\u00edmav\u00e9 t\u00e9my, na ktor\u00fdch sa diskutuje a odovzd\u00e1vaj\u00fa sa vlastn\u00e9 poznatky. Cez letn\u00e9 pr\u00e1zdniny je stretnutie rod\u00edn zboru na Zempl\u00ednskej \u0161\u00edrave, plavba lo\u010fou, ak sa vydar\u00ed po\u010dasie aj opekanie a n\u00e1v\u0161teva Ateli\u00e9ru o \u017eivote v minulosti. Pre stredn\u00fa gener\u00e1ciu sme v poslednom obdob\u00ed organizovali futbalov\u00fd turnaj a turnaj v stolnom tenise a z\u00e1jazd na divadeln\u00e9 predstavenie v Pre\u0161ove.Pre na\u0161ich star\u0161\u00edch pripravujeme Misijno diakonick\u00e9 stretnutia, k\u00e1\u017ee sa Bo\u017eie slovo, vysluhuje sa Sv\u00e4t\u00e1 ve\u010dera P\u00e1nova, pod\u00e1va sa ob\u010derstvenie. Bo\u017e\u00edm slovom n\u00e1m na t\u00fdchto stretnutiach zv\u00e4\u010d\u0161a sl\u00fa\u017eia duchovn\u00ed na d\u00f4chodku .Ve\u013ek\u00fd v\u00fdznam pre budovanie zboru m\u00e1 zborov\u00fd spevokol Soli Deo Gl\u00f3ria, ml\u00e1de\u017en\u00edcka hudobn\u00e1 skupina Rog\u00e1te a kres\u0165ansk\u00e1 hudobn\u00e1 skupina PF. Spolu s de\u0165mi a ml\u00e1de\u017eou spievaj\u00fa v zbore a oslavuj\u00fa Boha.Ve\u013emi d\u00f4le\u017eit\u00e1 je zborov\u00e1 internetov\u00e1 str\u00e1nka, www.kalvin.sk. Na nej s\u00fa inform\u00e1cie o \u017eivote a podujatiach zboru a senior\u00e1tnych \u010di cirkevn\u00fdch akci\u00e1ch. Po zborovom Informa\u010dnom liste, ktor\u00fd prin\u00e1\u0161al spr\u00e1vy pre \u010dlenov zboru sme za\u010dali vyd\u00e1va\u0165 zborov\u00fd \u010dasopis Kalv\u00edn. Distribuuje sa zdarma a v zbore si u\u017e z\u00edskal ve\u013ek\u00fd ohlas. Do Kalv\u00edna prispievaj\u00fa \u010dlenovia zboru, obsahuje pestr\u00e9 rubriky k n\u00e1bo\u017en\u00e9mu \u010d\u00edtaniu. \u010cas\u0165 Kalvin\u010dek je ur\u010den\u00e1 de\u0165om. \u010casopis sa usilujeme rozd\u00e1va\u0165 aj t\u00fdm, ktor\u00ed nie s\u00fa pravideln\u00fdmi n\u00e1v\u0161tevn\u00edkmi bohoslu\u017eieb.Budujeme zborov\u00fa kni\u017enicu, pre zapo\u017ei\u010diavanie kres\u0165anskej literat\u00fary k dom\u00e1cemu \u010d\u00edtaniu. Vo vstupnom vestibule kostola, je po\u010das bohoslu\u017eieb a podujat\u00ed mo\u017enos\u0165 zak\u00fapenia bibli\u00ed a in\u00fdch kres\u0165ansk\u00fdch titulov. Zborov\u00fd \u017eivot a dianie v zbore preber\u00e1me na presbytersk\u00fdch sch\u00f4dzach a sch\u00f4dzach komisii presbyt\u00e9ria. Mo\u017enos\u0165 vydari\u0165 sa maj\u00fa aj v\u0161etci \u010dlenovia zboru, svojim podnetom, \u010d\u00ed u\u017e p\u00edsomne do nain\u0161talovanej internej zborovej schr\u00e1nky alebo pr\u00edspevkom do Kalv\u00edna alebo \u00fastne na zasadnut\u00ed presbyt\u00e9ria, ktor\u00e9 je verejn\u00e9, resp. na Zborovom valnom zhroma\u017eden\u00ed.Hlavn\u00e9 zborov\u00e9 aktivity s\u00fa bohoslu\u017eby a biblick\u00e9 hodiny. Poskytujeme tie\u017e priestor pre senior\u00e1tne a gener\u00e1lne cirkevn\u00e9 podujatia. Z\u00fa\u010dast\u0148ujeme sa ekumenick\u00fdch udalost\u00ed v Michalovciach, spevokol Soli Deo gl\u00f3ria pravidelne reprezentuje n\u00e1s v\u0161etk\u00fdch kalv\u00ednov, na region\u00e1lnych prehliadkach. Vo viere n\u00e1s povzbudzuj\u00fa aj ka\u017edoro\u010dn\u00e9 nami organizovan\u00e9 kres\u0165ansk\u00e9 koncerty. Soci\u00e1lne slab\u0161\u00edm veriacim zdarma rozd\u00e1vame modlitebn\u00e9 kni\u017eky, biblie a kres\u0165ansk\u00e9 kalend\u00e1re.Neut\u00edchaj\u00faci z\u00e1pas vedieme s uskuto\u010d\u0148ovan\u00edm na\u0161ich misijn\u00fdch a budovate\u013esk\u00fdch pl\u00e1nov. Tvoriv\u00fd potenci\u00e1l \u010dasto brzd\u00ed aj ot\u00e1zka financi\u00ed. Na\u0161e spolo\u010dn\u00e9 pl\u00e1ny sa sna\u017e\u00edme zjednoti\u0165 a spriechodni\u0165 hlavne v presbyterstve. Ale to je tak\u00fd plodn\u00fd z\u00e1pas s v\u00fdsledkom pre cel\u00fd n\u00e1\u0161 zbor. Tr\u00e1pi n\u00e1s, \u017ee mnoh\u00ed neprich\u00e1dzaj\u00fa na bohoslu\u017eby, na r\u00f4zne obohacuj\u00face podujatia. C\u00edtia sa by\u0165 ukryt\u00ed a ako\u017ee spokojn\u00ed v mestskom prostren\u00ed Niektor\u00ed pr\u00eddu a\u017e s pla\u010dom, s prosbou o pomoc, alebo s posbou o pochovanie bl\u00edzkeho \u010dloveka. Z\u00e1pas\u00edme s t\u00fdmi ist\u00fdmi probl\u00e9mami ako v\u0161etky na\u0161e zbory. Vieme ich pomenova\u0165, ale rie\u0161enia s\u00fa dlhodob\u00e9. S presbyterstvom sa usilujeme o to, aby \u013eudia radi chodievali do zhroma\u017edenia. Pripravujeme podmienky a pozvaniami s\u00fa aj r\u00f4zne na\u0161e aktivity. Nesmieme da\u0165 odradi\u0165 a rezignova\u0165 na na\u0161u spolo\u010dn\u00fa misijn\u00fa \u00falohu.Iste, \u017ee m\u00e1me aj rezervy. In\u00e1\u010d ich vn\u00edma poh\u013ead \u010dlovek z vn\u00fatra zboru a in\u00e1\u010d z vonku. V\u00fdchodiskov\u00fdm bodom je za\u010da\u0165 od seba. Niekedy sa m\u00e1rne usilujeme zap\u00e1ja\u0165 do zborov\u00e9ho \u017eivota konfirmantov, zosob\u00e1\u0161en\u00fdch. Najm\u00e4 na sviatky pr\u00edde napr\u00edklad na Sv\u00e4t\u00fa ve\u010deru P\u00e1novu ve\u013ea \u013eud\u00ed, ale po\u010das roka ich nevidie\u0165. H\u013ead\u00e1me sp\u00f4sob a vhodn\u00fa formu ako ich pritiahnu\u0165. Ako nespr\u00e1vny sa prejavuje aj postoj niektor\u00fdch rodi\u010dov det\u00ed, ktor\u00ed s\u00edce zap\u00ed\u0161u deti na vyu\u010dovanie n\u00e1bo\u017eenskej v\u00fdchovy, ale do kostola s nimi a\u017e tak nechodia. St\u00e1va sa, \u017ee pr\u00edde cudz\u00ed \u010dlovek, ktor\u00ed h\u013ead\u00e1 cestu \u010falej. Po rozhovore dostane Bibliu, ale u\u017e sa nevr\u00e1ti. \u010casto na sch\u00f4dzach presbyterstva diskutujeme o zefekt\u00edvnen\u00ed na\u0161ej spolo\u010dnej pr\u00e1ce. O tom ako \u010do najlep\u0161ie pracova\u0165 s de\u0165mi, ml\u00e1de\u017eou, dospel\u00fdmi.<\/span><\/p>\n<h2><strong><span style=\"color: #800000;\">Bud\u00facnos\u0165 zboru<\/span> <\/strong><\/h2>\n<p><span style=\"color: #000000;\">S Bo\u017eou pomocou \u010falej oslavova\u0165 Boha! Misijne p\u00f4sobi\u0165 \u2013 vytv\u00e1ra\u0165 priestor a \u010das na r\u00f4zne zhroma\u017edenia, spolo\u010denstv\u00e1. Je nutn\u00e9 na\u010falej stabilizova\u0165 \u010dlensk\u00fa z\u00e1klad\u0148u. Pl\u00e1nujeme rozv\u00edja\u0165 pr\u00e1cu s de\u0165mi a ml\u00e1de\u017eou. \u010ealej sa stara\u0165 o dospel\u00fdch, star\u0161\u00edch a nemocn\u00fdch. Stavebne e\u0161te upravit ve\u017eu kostola, nai\u0161talova\u0165 nov\u00fd zvon a zabespe\u010di\u0165 pravideln\u00fa \u00fadr\u017ebu zborov\u00fdch budov. Chceli by sme rozv\u00edja\u0165 spolupr\u00e1cu s in\u00fdmi na\u0161imi zbormi. Spolu s presbytermi sa \u010falej zap\u00e1ja\u0165 do riadiaceho procesu v na\u0161ej cirkvi. Pripomienkova\u0165 vytv\u00e1ran\u00e9 z\u00e1kony, vyjadrova\u0165 sa k n\u00e1vrhom. Pl\u00e1nujeme postupova\u0165 \u010falej pri roz\u0161irovan\u00ed zborovej kni\u017enice. Zap\u00e1ja\u0165 sa do ekumenick\u00e9ho dial\u00f3gu v meste. Uk\u00e1za\u0165 v Michalovciach, \u017ee tu \u017eij\u00faci reformovan\u00ed kres\u0165ania sa chc\u00fa podie\u013ea\u0165 na tvorbe kres\u0165ansk\u00e9ho sveta.<\/span><\/p>\n<\/div><\/div><\/div><\/div><\/div><\/div><\/div><\/div><\/div><\/section><\/div>","protected":false},"excerpt":{"rendered":"","protected":false},"author":1,"featured_media":0,"parent":0,"menu_order":0,"comment_status":"closed","ping_status":"closed","template":"","meta":{"_monsterinsights_skip_tracking":false,"_monsterinsights_sitenote_active":false,"_monsterinsights_sitenote_note":"","_monsterinsights_sitenote_category":0},"yoast_head":"<!-- This site is optimized with the Yoast SEO plugin v14.2 - https:\/\/yoast.com\/wordpress\/plugins\/seo\/ -->\n<title>Hist\u00f3ria a s\u00fa\u010dasnos\u0165 zboru - Kalvin<\/title>\n<meta name=\"robots\" content=\"index, follow\" \/>\n<meta name=\"googlebot\" content=\"index, follow, max-snippet:-1, max-image-preview:large, max-video-preview:-1\" \/>\n<meta name=\"bingbot\" content=\"index, follow, max-snippet:-1, max-image-preview:large, max-video-preview:-1\" \/>\n<link rel=\"canonical\" href=\"https:\/\/www.kalvin.sk\/?page_id=94\" \/>\n<meta property=\"og:locale\" content=\"sk_SK\" \/>\n<meta property=\"og:type\" content=\"article\" \/>\n<meta property=\"og:title\" content=\"Hist\u00f3ria a s\u00fa\u010dasnos\u0165 zboru - Kalvin\" \/>\n<meta property=\"og:url\" content=\"https:\/\/www.kalvin.sk\/?page_id=94\" \/>\n<meta property=\"og:site_name\" content=\"Kalvin\" \/>\n<meta property=\"article:modified_time\" content=\"2025-01-16T10:30:18+00:00\" \/>\n<meta name=\"twitter:card\" content=\"summary_large_image\" \/>\n<script type=\"application\/ld+json\" class=\"yoast-schema-graph\">{\"@context\":\"https:\/\/schema.org\",\"@graph\":[{\"@type\":\"WebSite\",\"@id\":\"https:\/\/www.kalvin.sk\/#website\",\"url\":\"https:\/\/www.kalvin.sk\/\",\"name\":\"Kalvin\",\"description\":\"\",\"potentialAction\":[{\"@type\":\"SearchAction\",\"target\":\"https:\/\/www.kalvin.sk\/?s={search_term_string}\",\"query-input\":\"required name=search_term_string\"}],\"inLanguage\":\"sk-SK\"},{\"@type\":\"WebPage\",\"@id\":\"https:\/\/www.kalvin.sk\/?page_id=94#webpage\",\"url\":\"https:\/\/www.kalvin.sk\/?page_id=94\",\"name\":\"Hist\\u00f3ria a s\\u00fa\\u010dasnos\\u0165 zboru - Kalvin\",\"isPartOf\":{\"@id\":\"https:\/\/www.kalvin.sk\/#website\"},\"datePublished\":\"2020-08-06T13:49:08+00:00\",\"dateModified\":\"2025-01-16T10:30:18+00:00\",\"inLanguage\":\"sk-SK\",\"potentialAction\":[{\"@type\":\"ReadAction\",\"target\":[\"https:\/\/www.kalvin.sk\/?page_id=94\"]}]}]}<\/script>\n<!-- \/ Yoast SEO plugin. -->","_links":{"self":[{"href":"https:\/\/www.kalvin.sk\/index.php?rest_route=\/wp\/v2\/pages\/94"}],"collection":[{"href":"https:\/\/www.kalvin.sk\/index.php?rest_route=\/wp\/v2\/pages"}],"about":[{"href":"https:\/\/www.kalvin.sk\/index.php?rest_route=\/wp\/v2\/types\/page"}],"author":[{"embeddable":true,"href":"https:\/\/www.kalvin.sk\/index.php?rest_route=\/wp\/v2\/users\/1"}],"replies":[{"embeddable":true,"href":"https:\/\/www.kalvin.sk\/index.php?rest_route=%2Fwp%2Fv2%2Fcomments&post=94"}],"version-history":[{"count":6,"href":"https:\/\/www.kalvin.sk\/index.php?rest_route=\/wp\/v2\/pages\/94\/revisions"}],"predecessor-version":[{"id":2155,"href":"https:\/\/www.kalvin.sk\/index.php?rest_route=\/wp\/v2\/pages\/94\/revisions\/2155"}],"wp:attachment":[{"href":"https:\/\/www.kalvin.sk\/index.php?rest_route=%2Fwp%2Fv2%2Fmedia&parent=94"}],"curies":[{"name":"wp","href":"https:\/\/api.w.org\/{rel}","templated":true}]}}